{"id":2769,"date":"2023-04-17T12:03:19","date_gmt":"2023-04-17T17:03:19","guid":{"rendered":"https:\/\/www.tanguay.cc\/?page_id=2769"},"modified":"2023-04-26T13:26:32","modified_gmt":"2023-04-26T18:26:32","slug":"privacy-statement-ca-2","status":"publish","type":"page","link":"https:\/\/www.tanguay.cc\/fr\/privacy-statement-ca-2\/","title":{"rendered":"D\u00e9claration de confidentialit\u00e9 (CA)"},"content":{"rendered":"\n<!-- Legal document generated by Complianz | GDPR\/CCPA Cookie Consent https:\/\/wordpress.org\/plugins\/complianz-gdpr -->\n<div id=\"cmplz-document\" class=\"cmplz-document privacy-statement cmplz-document-ca\"><p><i>Cette d\u00e9claration de confidentialit\u00e9 a \u00e9t\u00e9 modifi\u00e9e pour la derni\u00e8re fois le septembre 9, 2025, v\u00e9rifi\u00e9e pour la derni\u00e8re fois le septembre 9, 2025, et s\u2019applique aux citoyens et aux r\u00e9sidents permanents l\u00e9gaux du Canada.<\/i><br \/><br \/><\/p><p>Dans cette d\u00e9claration de confidentialit\u00e9, nous expliquons ce que nous faisons avec les donn\u00e9es que nous obtenons \u00e0 votre sujet via <a href=\"https:\/\/www.tanguay.cc\/fr\/\">https:\/\/www.tanguay.cc\/fr\/<\/a>. Nous vous recommandons de lire attentivement cette d\u00e9claration. Lors de notre traitement, nous nous conformons aux exigences de la l\u00e9gislation sur la confidentialit\u00e9. Cela signifie, entre autres, que\u00a0:<ul>\n                <li>nous indiquons clairement dans quelles finalit\u00e9s nous traitons les donn\u00e9es personnelles. Nous faisons cela au moyen de cette d\u00e9claration de confidentialit\u00e9\u00a0;<\/li>\n                <li>nous visons \u00e0 limiter notre recueil de donn\u00e9es personnelles uniquement aux donn\u00e9es personnelles n\u00e9cessaires \u00e0 des finalit\u00e9s l\u00e9gitimes;<\/li>\n                <li>nous demandons d\u2019abord votre consentement explicite pour traiter vos donn\u00e9es personnelles dans les cas n\u00e9cessitant votre consentement;<\/li>\n                <li>nous prenons des mesures de s\u00e9curit\u00e9 appropri\u00e9es afin de prot\u00e9ger vos donn\u00e9es personnelles, et nous en demandons autant des parties traitant des donn\u00e9es personnelles pour nous;<\/li>\n                <li>nous respectons votre droit de consulter, corriger ou supprimer vos donn\u00e9es personnelles si vous en formulez la demande.<\/li>\n            <\/ul><\/p>Si vous avez des questions ou souhaitez savoir exactement quelles donn\u00e9es nous conservons, veuillez nous contacter.<h2>1. Finalit\u00e9 et cat\u00e9gories de donn\u00e9es<\/h2><p>Nous pouvons collecter ou recevoir des informations personnelles pour un certain nombre de raisons li\u00e9es \u00e0 nos activit\u00e9s commerciales, notamment les suivantes\u00a0: (cliquez pour d\u00e9plier)<\/b><\/p><details class=\"cmplz-dropdown dropdown-privacy-statement\"><summary><div><h3>1.1 Compiler et analyser des statistiques pour l\u2019am\u00e9lioration du site web.<\/h3><\/div><\/summary><p class=\"cmplz-subtitle\">Les cat\u00e9gories de donn\u00e9es suivantes sont collect\u00e9es<\/p><p><ul><li>Une adresse e-mail<\/li><\/ul><\/p><p class=\"cmplz-subtitle\">Dur\u00e9e de conservation<\/p><p>Nous conservons ces donn\u00e9es jusqu\u2019\u00e0 la fin du service.<\/p><\/details><h2>2. Pratiques de divulgation<\/h2><p><p>Nous divulguons des informations personnelles si nous y sommes tenus par la loi ou par une ordonnance du tribunal, en r\u00e9ponse \u00e0 un organisme d\u2019application de la loi, dans la mesure permise par d\u2019autres dispositions de la loi, pour fournir des informations, ou pour une enqu\u00eate sur une question li\u00e9e \u00e0 la s\u00e9curit\u00e9 publique.<\/p><p>Si notre site web ou notre organisation est repris, vendu ou impliqu\u00e9 dans une fusion ou une acquisition, vos donn\u00e9es peuvent \u00eatre divulgu\u00e9es \u00e0 nos conseillers et \u00e0 tout acheteur potentiel et seront transmises aux nouveaux propri\u00e9taires.<\/p><\/p><h2>3. Comment nous r\u00e9pondons aux signaux Ne pas me pister &amp; Contr\u00f4le global de confidentialit\u00e9<\/h2><p>Notre site web r\u00e9agit \u00e0 l\u2019en-t\u00eate de requ\u00eate HTTP Ne pas me pister (DNT) et le prend en charge. Si vous activez DNT dans votre navigateur, ces pr\u00e9f\u00e9rences nous sont communiqu\u00e9es dans l\u2019en-t\u00eate de requ\u00eate HTTP, et nous ne pisterons pas votre comportement de navigation.<\/p><h2>4. Cookies<\/h2><p>Notre site web utilise des cookies. Pour plus d\u2019informations sur les cookies, veuillez vous r\u00e9f\u00e9rer \u00e0 notre Politique de cookies sur notre page <a href=\"https:\/\/www.tanguay.cc\/fr\/cookie-policy-ca\/\">Politique t\u00e9moins de navigation<\/a>.&nbsp;<\/p><p>Nous avons conclu un accord de traitement des donn\u00e9es avec Google.<\/p><p>Google ne peut utiliser les donn\u00e9es pour aucun autre service Google.<\/p><p>L\u2019inclusion d\u2019adresses IP compl\u00e8tes est bloqu\u00e9e par nous.<\/p><h2>5. S\u00e9curit\u00e9<\/h2><p>Nous nous engageons \u00e0 la s\u00e9curit\u00e9 des donn\u00e9es personnelles. Nous prenons les mesures de s\u00e9curit\u00e9 appropri\u00e9es pour limiter les abus et l\u2019acc\u00e8s non autoris\u00e9 aux donn\u00e9es personnelles. Cela garantit que seules les personnes n\u00e9cessaires ont acc\u00e8s \u00e0 vos donn\u00e9es, que l\u2019acc\u00e8s aux donn\u00e9es est prot\u00e9g\u00e9 et que nos mesures de s\u00e9curit\u00e9 sont r\u00e9guli\u00e8rement revues.<\/p><p>Les mesures de s\u00e9curit\u00e9 que nous utilisons consistent \u00e0:<\/p><p><ul><li>S\u00e9curit\u00e9 de connexion<\/li><li>DKIM, SPF, DMARC et autres r\u00e9glages DNS sp\u00e9cifiques<\/li><li>Chiffrement (START)TLS\/SSL\/DANE<\/li><li>HTTP Strict Transport Security et les en-t\u00eates de s\u00e9curit\u00e9 li\u00e9s, ainsi que les politiques de navigateur<\/li><li>Durcissement du site web\/fonctionnalit\u00e9s de s\u00e9curit\u00e9<\/li><li>D\u00e9tection de vuln\u00e9rabilit\u00e9<\/li><li>Certification ISO27001\/27002<\/li><li>Mesures de s\u00e9curit\u00e9 du mat\u00e9riel qui contient ou traite des donn\u00e9es \u00e0 caract\u00e8re personnel.<\/li><\/ul><\/p><h2>6. Sites web de tierces parties<\/h2><p>Cette d\u00e9claration de confidentialit\u00e9 ne s\u2019applique pas aux sites web de tierces parties connect\u00e9s par des liens sur notre site web. Nous ne pouvons garantir que ces tierces parties g\u00e8rent vos donn\u00e9es personnelles de mani\u00e8re fiable ou s\u00e9curis\u00e9e. Nous vous recommandons de lire les d\u00e9clarations de confidentialit\u00e9 de ces sites web avant de les utiliser.<\/p><h2>7. Modifications apport\u00e9es \u00e0 cette d\u00e9claration de confidentialit\u00e9<\/h2><p>Nous nous r\u00e9servons le droit de modifier la pr\u00e9sente d\u00e9claration de confidentialit\u00e9. Il est recommand\u00e9 de consulter r\u00e9guli\u00e8rement cette d\u00e9claration de confidentialit\u00e9 afin de prendre connaissance de toute modification \u00e9ventuelle. De plus, nous vous informerons activement dans la mesure du possible.<\/p><h2>8. Acc\u00e9der \u00e0 vos donn\u00e9es et les modifier<\/h2><p>Si vous avez des questions, ou si vous voulez prendre connaissance des donn\u00e9es personnelles que nous stockons \u00e0 votre propos, veuillez nous contacter. Veuillez vous assurer de toujours donner clairement votre identit\u00e9, pour que nous soyons certains de ne pas modifier ou supprimer les donn\u00e9es de la mauvaise personne. Nous ne fournirons les informations demand\u00e9es que lors de la r\u00e9ception d\u2019une demande d\u2019un consommateur v\u00e9rifiable. Vous pouvez nous contacter en utilisant les informations ci-dessous.<\/p><p class=\"cmplz-subtitle\">8.1 Vous avez les droits suivants concernant vos donn\u00e9es personnelles<\/p><ol class=\"alphabetic\">\n                        <li>Vous pouvez envoyer une demande d\u2019acc\u00e8s aux donn\u00e9es vous concernant que nous traitons.<\/li>\n                        <li>Vous pouvez demander une vue d\u2019ensemble, sous un format commun\u00e9ment utilis\u00e9, des donn\u00e9es que nous traitons \u00e0 votre sujet.<\/li>\n                        <li>Vous pouvez demander la correction ou la suppression des donn\u00e9es si elles sont incorrectes ou si elles ne sont plus d\u2019actualit\u00e9. Lorsque cela est appropri\u00e9, les informations modifi\u00e9es seront transmises \u00e0 des tierces parties ayant acc\u00e8s aux informations en question.<\/li>\n                        <li>Vous avez le droit de retirer votre consentement \u00e0 tout moment, sujet \u00e0 des restrictions contractuelles ou juridiques et un pr\u00e9avis raisonnable. Vous serez inform\u00e9(e) des implications d\u2019un tel retrait.<\/li>\n                        <li>Vous avez le droit d\u2019adresser \u00e0 notre organisation une objection concernant tout non respect de la LPRDE et, si le probl\u00e8me n\u2019est pas r\u00e9solu, au Commissariat \u00e0 la protection de la vie priv\u00e9e du Canada.<\/li>\n                        <li>Nous donnerons l\u2019acc\u00e8s aux informations personnelles sous un format alternatif \u00e0 tout individu ayant un handicap sensoriel et le droit \u00e0 l\u2019acc\u00e8s \u00e0 des informations personnelles sous la LRPDE, dans le cas o\u00f9 l\u2019individu demande \u00e0 ce qu\u2019elles soient transmises sous ce format alternatif si (a) une version des informations existe d\u00e9j\u00e0 sous ce format\u00a0; ou (b) leur conversion vers ce format est raisonnable et n\u00e9cessaire afin que l\u2019individu puisse exercer ses droits.<\/li>\n                      <\/ol><h2>9. Enfants<\/h2><p>Notre site web n\u2019est pas con\u00e7u pour les enfants et il n\u2019est pas dans notre intention de recueillir des donn\u00e9es personnelles aupr\u00e8s d\u2019enfants sous l\u2019\u00e2ge de consentement de leur pays de r\u00e9sidence. Nous demandons par cons\u00e9quent aux enfants sous l\u2019\u00e2ge de consentement de ne nous envoyer aucune donn\u00e9e personnelle.<\/p><h2>10. Coordonn\u00e9es<\/h2><p>Les Machineries Tanguay Inc.<br \/>\n        625, route de l&rsquo;A\u00e9roport<br \/>\n        Canada<br \/>\n        Site web\u00a0: <a href=\"https:\/\/www.tanguay.cc\/fr\/\">https:\/\/www.tanguay.cc\/fr\/<\/a> <br \/>\n        E-mail\u00a0: <span class=\"cmplz-obfuscate\">rp@<span class=\"cmplz-fmail-domain\">&#101;x&#046;c&#111;&#109;<\/span>ta&#110;gua&#121;.c&#099;<\/span> <br \/>\n        <br \/>\n        Num\u00e9ro de t\u00e9l\u00e9phone\u00a0: 14182513152<\/p><h2>11. Demandes de donn\u00e9es<\/h2><p>Pour les demandes les plus fr\u00e9quentes, nous vous offrons \u00e9galement la possibilit\u00e9 d\u2019utiliser notre formulaire de demande de donn\u00e9es.<br \/>\t\t\t<div class=\"cmplz-datarequest cmplz-alert\">\n\t\t\t\t<span class=\"cmplz-close\">&times;<\/span>\n\t\t\t\t<span id=\"cmplz-message\"><\/span>\n\t\t\t<\/div>\n\t\t\t<form id=\"cmplz-datarequest-form\">\n\t\t\t\t<input type=\"hidden\" required value=\"ca\" name=\"cmplz_datarequest_region\" id=\"cmplz_datarequest_region\" >\n\n\t\t\t\t<label for=\"cmplz_datarequest_firstname\" class=\"cmplz-first-name\">Nom\t\t\t\t\t<input type=\"search\" class=\"datarequest-firstname\" value=\"\" placeholder=\"your first name\" id=\"cmplz_datarequest_firstname\" name=\"cmplz_datarequest_firstname\" >\n\t\t\t\t<\/label>\n\t\t\t\t<div>\n\t\t\t\t\t<label for=\"cmplz_datarequest_name\">Nom<\/label>\n\t\t\t\t\t<input type=\"text\" required value=\"\" placeholder=\"Votre nom\" id=\"cmplz_datarequest_name\" name=\"cmplz_datarequest_name\">\n\t\t\t\t<\/div>\n\t\t\t\t<div>\n\t\t\t\t\t<label for=\"cmplz_datarequest_email\">E-mail<\/label>\n\t\t\t\t\t<input type=\"email\" required value=\"\" placeholder=\"email@email.com\" id=\"cmplz_datarequest_email\" name=\"cmplz_datarequest_email\">\n\t\t\t\t<\/div>\n\t\t\t\t\t\t\t\t\t\t<div class=\"cmplz_datarequest cmplz_datarequest_request_for_access\">\n\t\t\t\t\t\t\t<label for=\"cmplz_datarequest_request_for_access\">\n\t\t\t\t\t\t\t\t<input type=\"checkbox\" value=\"1\" name=\"cmplz_datarequest_request_for_access\" id=\"cmplz_datarequest_request_for_access\"\/>\n\t\t\t\t\t\t\t\tEnvoyer une demande d\u2019acc\u00e8s aux donn\u00e9es \u00e0 votre sujet que nous traitons.\t\t\t\t\t\t\t<\/label>\n\t\t\t\t\t\t<\/div>\n\t\t\t\t\t\t\t\t\t\t<div class=\"cmplz_datarequest cmplz_datarequest_right_to_be_forgotten\">\n\t\t\t\t\t\t\t<label for=\"cmplz_datarequest_right_to_be_forgotten\">\n\t\t\t\t\t\t\t\t<input type=\"checkbox\" value=\"1\" name=\"cmplz_datarequest_right_to_be_forgotten\" id=\"cmplz_datarequest_right_to_be_forgotten\"\/>\n\t\t\t\t\t\t\t\tEnvoyer une demande de suppression des donn\u00e9es si elles ne sont plus pertinentes.\t\t\t\t\t\t\t<\/label>\n\t\t\t\t\t\t<\/div>\n\t\t\t\t\t\t\t\t\t\t<div class=\"cmplz_datarequest cmplz_datarequest_right_to_data_portability\">\n\t\t\t\t\t\t\t<label for=\"cmplz_datarequest_right_to_data_portability\">\n\t\t\t\t\t\t\t\t<input type=\"checkbox\" value=\"1\" name=\"cmplz_datarequest_right_to_data_portability\" id=\"cmplz_datarequest_right_to_data_portability\"\/>\n\t\t\t\t\t\t\t\tEnvoyer une demande pour recevoir un fichier d\u2019exportation des donn\u00e9es \u00e0 votre sujet que nous traitons.\t\t\t\t\t\t\t<\/label>\n\t\t\t\t\t\t<\/div>\n\t\t\t\t\t\t\t\t<input type=\"button\" id=\"cmplz-datarequest-submit\"  value=\"Envoyer\">\n\t\t\t<\/form>\n\n\t\t\t<style>\n\t\t\t\t\/* first-name is honeypot *\/\n\t\t\t\t.cmplz-first-name {\n\t\t\t\t\tposition: absolute !important;\n\t\t\t\t\tleft: -5000px !important;\n\t\t\t\t}\n\t\t\t<\/style>\n\t\t\t<\/p><p>Nous avons nomm\u00e9 une personne \u00e0 contacter \u00e0 propos des politiques et pratiques de l\u2019organisation, et \u00e0 qui toute plainte ou demande de renseignement peut \u00eatre transmise\u00a0:<br \/>Karine Gagnon<br \/>625 route de Aeroport<br \/>\r\nRoberval Qc G8H 2M9<\/p><h2>Annexe<\/h2><p><h2>WPML<\/h2><p>WPML utilise des cookies pour identifier la langue actuelle du visiteur, la derni\u00e8re langue visit\u00e9e et la langue des utilisateurs connect\u00e9s.<\/p><p>Pendant que vous utilisez le plugin, WPML partagera des donn\u00e9es concernant le site via Installer. Aucune donn\u00e9e de l&rsquo;utilisateur lui-m\u00eame ne sera partag\u00e9e.<\/p><h2>WP Job Manager &#8211; Alerts<\/h2><p>Lorsque vous vous abonnez \u00e0 une alerte d\u2019emploi sur ce site, nous conservons les renseignements que vous saisissez pour recevoir les alertes correspondant aux crit\u00e8res que vous avez s\u00e9lectionn\u00e9s.<\/p><h2>WP Job Manager<\/h2><p>Ce site ajoute les cookies suivants pour aider les utilisateurs \u00e0 reprendre la publication des offres d\u2019emploi qu\u2019ils ont commenc\u00e9e mais n\u2019ont pas termin\u00e9e&nbsp;: wp-job-manager-submitting-job-id et wp-job-manager-submitting-job-key<\/p><h2>WPML Translation Management<\/h2><p>La Gestion de traduction WPML enverra l&rsquo;adresse e-mail et le nom de chaque gestionnaire et traducteur assign\u00e9 ainsi que les contenus eux-m\u00eames \u00e0 l&rsquo;\u00c9diteur de traduction avanc\u00e9 et aux services de traduction utilis\u00e9s.<\/p><h2>WPML String Translation<\/h2><p>La Traduction de cha\u00eene WPML enverra toutes les cha\u00eenes \u00e0 l&rsquo;\u00c9diteur de traduction avanc\u00e9 de WPML et aux services de traduction utilis\u00e9s.<\/p><h2>Complianz | The Privacy Suite for WordPress<\/h2><p>Ce site web utilise la Privacy Suite for WordPress de Complianz pour collecter les recueils de consentement.&nbsp;Pour cette fonctionnalit\u00e9, votre adresse IP est rendue anonyme et stock\u00e9e dans notre base de donn\u00e9es.&nbsp;Pour plus d\u2019informations, consultez la <a href=\"https:\/\/complianz.io\/privacy-statement\/\">D\u00e9claration de confidentialit\u00e9<\/a> de Complianz.<\/p><h2>WP Job Manager &#8211; Applications<\/h2><p>Lorsque vous postulez \u00e0 un emploi via ce site, nous recueillons et conservons les renseignements fournis, tels que votre nom, votre adresse e-mail et autres informations relatives \u00e0 votre candidature. Ces informations sont stock\u00e9es en toute s\u00e9curit\u00e9 dans la base de donn\u00e9es du site. Veuillez noter que les administrateurs du site ainsi que les personnes disposant d\u2019un acc\u00e8s employeur au site peuvent voir les informations fournies dans votre candidature.<\/p><h2>Really Simple Security<\/h2><p>Really Simple Security et les modules Really Simple Security ne traitent aucune information personnelle identifiable, de sorte que le RGPD ne s\u2019applique pas \u00e0 ces extensions ou \u00e0 l\u2019utilisation de ces extensions sur votre site web. Vous pouvez consulter notre politique de confidentialit\u00e9 <a href=\"https:\/\/really-simple-ssl.com\/privacy-statement\/\">ici<\/a>.<\/p><\/p><\/div>","protected":false},"excerpt":{"rendered":"","protected":false},"author":3,"featured_media":0,"parent":0,"menu_order":0,"comment_status":"closed","ping_status":"closed","template":"","meta":{"footnotes":""},"class_list":["post-2769","page","type-page","status-publish","hentry"],"yoast_head":"<!-- This site is optimized with the Yoast SEO Premium plugin v27.2 (Yoast SEO v27.2) - https:\/\/yoast.com\/product\/yoast-seo-premium-wordpress\/ -->\n<title>D\u00e9claration de confidentialit\u00e9 (CA) - Machineries Tanguay Machinery<\/title>\n<meta name=\"description\" content=\"D\u00e9claration de confidentialit\u00e9 (CA) Machineries Tanguay Machinery\" \/>\n<meta name=\"robots\" content=\"index, follow, max-snippet:-1, max-image-preview:large, max-video-preview:-1\" \/>\n<link rel=\"canonical\" href=\"https:\/\/www.tanguay.cc\/fr\/privacy-statement-ca-2\/\" \/>\n<meta property=\"og:locale\" content=\"fr_FR\" \/>\n<meta property=\"og:type\" content=\"article\" \/>\n<meta property=\"og:title\" content=\"D\u00e9claration de confidentialit\u00e9 (CA)\" \/>\n<meta property=\"og:description\" content=\"D\u00e9claration de confidentialit\u00e9 (CA) Machineries Tanguay Machinery\" \/>\n<meta property=\"og:url\" content=\"https:\/\/www.tanguay.cc\/fr\/privacy-statement-ca-2\/\" \/>\n<meta property=\"og:site_name\" content=\"Machineries Tanguay Machinery\" \/>\n<meta property=\"article:publisher\" content=\"https:\/\/www.facebook.com\/machinerietanguay\" \/>\n<meta property=\"article:modified_time\" content=\"2023-04-26T18:26:32+00:00\" \/>\n<meta property=\"og:image\" content=\"https:\/\/www.tanguay.cc\/wp-content\/uploads\/2025\/07\/Tanguay_Emb_Coul__531_300.jpg\" \/>\n\t<meta property=\"og:image:width\" content=\"531\" \/>\n\t<meta property=\"og:image:height\" content=\"300\" \/>\n\t<meta property=\"og:image:type\" content=\"image\/jpeg\" \/>\n<meta name=\"twitter:card\" content=\"summary_large_image\" \/>\n<meta name=\"twitter:site\" content=\"@TanguayMachine\" \/>\n<script type=\"application\/ld+json\" class=\"yoast-schema-graph\">{\"@context\":\"https:\/\/schema.org\",\"@graph\":[{\"@type\":\"WebPage\",\"@id\":\"https:\/\/www.tanguay.cc\/fr\/privacy-statement-ca-2\/\",\"url\":\"https:\/\/www.tanguay.cc\/fr\/privacy-statement-ca-2\/\",\"name\":\"D\u00e9claration de confidentialit\u00e9 (CA) - Machineries Tanguay Machinery\",\"isPartOf\":{\"@id\":\"https:\/\/www.tanguay.cc\/fr\/#website\"},\"datePublished\":\"2023-04-17T17:03:19+00:00\",\"dateModified\":\"2023-04-26T18:26:32+00:00\",\"description\":\"D\u00e9claration de confidentialit\u00e9 (CA) Machineries Tanguay Machinery\",\"breadcrumb\":{\"@id\":\"https:\/\/www.tanguay.cc\/fr\/privacy-statement-ca-2\/#breadcrumb\"},\"inLanguage\":\"fr-FR\",\"potentialAction\":[{\"@type\":\"ReadAction\",\"target\":[\"https:\/\/www.tanguay.cc\/fr\/privacy-statement-ca-2\/\"]}]},{\"@type\":\"BreadcrumbList\",\"@id\":\"https:\/\/www.tanguay.cc\/fr\/privacy-statement-ca-2\/#breadcrumb\",\"itemListElement\":[{\"@type\":\"ListItem\",\"position\":1,\"name\":\"Home\",\"item\":\"https:\/\/www.tanguay.cc\/fr\/\"},{\"@type\":\"ListItem\",\"position\":2,\"name\":\"D\u00e9claration de confidentialit\u00e9 (CA)\"}]},{\"@type\":\"WebSite\",\"@id\":\"https:\/\/www.tanguay.cc\/fr\/#website\",\"url\":\"https:\/\/www.tanguay.cc\/fr\/\",\"name\":\"Machineries Tanguay Machinery\",\"description\":\"Paveuse Paver Abatteuse Feller Buncher Forwarder Transporteur Skidder\",\"publisher\":{\"@id\":\"https:\/\/www.tanguay.cc\/fr\/#organization\"},\"potentialAction\":[{\"@type\":\"SearchAction\",\"target\":{\"@type\":\"EntryPoint\",\"urlTemplate\":\"https:\/\/www.tanguay.cc\/fr\/?s={search_term_string}\"},\"query-input\":{\"@type\":\"PropertyValueSpecification\",\"valueRequired\":true,\"valueName\":\"search_term_string\"}}],\"inLanguage\":\"fr-FR\"},{\"@type\":\"Organization\",\"@id\":\"https:\/\/www.tanguay.cc\/fr\/#organization\",\"name\":\"Machineries Tanguay Machinery\",\"url\":\"https:\/\/www.tanguay.cc\/fr\/\",\"logo\":{\"@type\":\"ImageObject\",\"inLanguage\":\"fr-FR\",\"@id\":\"https:\/\/www.tanguay.cc\/fr\/#\/schema\/logo\/image\/\",\"url\":\"https:\/\/www.tanguay.cc\/wp-content\/uploads\/2023\/02\/Tanguay_Emb_Coul_300dpi-scaled.jpg\",\"contentUrl\":\"https:\/\/www.tanguay.cc\/wp-content\/uploads\/2023\/02\/Tanguay_Emb_Coul_300dpi-scaled.jpg\",\"width\":2560,\"height\":1536,\"caption\":\"Machineries Tanguay Machinery\"},\"image\":{\"@id\":\"https:\/\/www.tanguay.cc\/fr\/#\/schema\/logo\/image\/\"},\"sameAs\":[\"https:\/\/www.facebook.com\/machinerietanguay\",\"https:\/\/x.com\/TanguayMachine\"],\"publishingPrinciples\":\"https:\/\/www.tanguay.cc\/fr\/privacy-statement-ca\/\",\"ethicsPolicy\":\"https:\/\/www.tanguay.cc\/fr\/privacy-statement-ca\/\"}]}<\/script>\n<!-- \/ Yoast SEO Premium plugin. -->","yoast_head_json":{"title":"D\u00e9claration de confidentialit\u00e9 (CA) - Machineries Tanguay Machinery","description":"D\u00e9claration de confidentialit\u00e9 (CA) Machineries Tanguay Machinery","robots":{"index":"index","follow":"follow","max-snippet":"max-snippet:-1","max-image-preview":"max-image-preview:large","max-video-preview":"max-video-preview:-1"},"canonical":"https:\/\/www.tanguay.cc\/fr\/privacy-statement-ca-2\/","og_locale":"fr_FR","og_type":"article","og_title":"D\u00e9claration de confidentialit\u00e9 (CA)","og_description":"D\u00e9claration de confidentialit\u00e9 (CA) Machineries Tanguay Machinery","og_url":"https:\/\/www.tanguay.cc\/fr\/privacy-statement-ca-2\/","og_site_name":"Machineries Tanguay Machinery","article_publisher":"https:\/\/www.facebook.com\/machinerietanguay","article_modified_time":"2023-04-26T18:26:32+00:00","og_image":[{"width":531,"height":300,"url":"https:\/\/www.tanguay.cc\/wp-content\/uploads\/2025\/07\/Tanguay_Emb_Coul__531_300.jpg","type":"image\/jpeg"}],"twitter_card":"summary_large_image","twitter_site":"@TanguayMachine","schema":{"@context":"https:\/\/schema.org","@graph":[{"@type":"WebPage","@id":"https:\/\/www.tanguay.cc\/fr\/privacy-statement-ca-2\/","url":"https:\/\/www.tanguay.cc\/fr\/privacy-statement-ca-2\/","name":"D\u00e9claration de confidentialit\u00e9 (CA) - Machineries Tanguay Machinery","isPartOf":{"@id":"https:\/\/www.tanguay.cc\/fr\/#website"},"datePublished":"2023-04-17T17:03:19+00:00","dateModified":"2023-04-26T18:26:32+00:00","description":"D\u00e9claration de confidentialit\u00e9 (CA) Machineries Tanguay Machinery","breadcrumb":{"@id":"https:\/\/www.tanguay.cc\/fr\/privacy-statement-ca-2\/#breadcrumb"},"inLanguage":"fr-FR","potentialAction":[{"@type":"ReadAction","target":["https:\/\/www.tanguay.cc\/fr\/privacy-statement-ca-2\/"]}]},{"@type":"BreadcrumbList","@id":"https:\/\/www.tanguay.cc\/fr\/privacy-statement-ca-2\/#breadcrumb","itemListElement":[{"@type":"ListItem","position":1,"name":"Home","item":"https:\/\/www.tanguay.cc\/fr\/"},{"@type":"ListItem","position":2,"name":"D\u00e9claration de confidentialit\u00e9 (CA)"}]},{"@type":"WebSite","@id":"https:\/\/www.tanguay.cc\/fr\/#website","url":"https:\/\/www.tanguay.cc\/fr\/","name":"Machineries Tanguay Machinery","description":"Paveuse Paver Abatteuse Feller Buncher Forwarder Transporteur Skidder","publisher":{"@id":"https:\/\/www.tanguay.cc\/fr\/#organization"},"potentialAction":[{"@type":"SearchAction","target":{"@type":"EntryPoint","urlTemplate":"https:\/\/www.tanguay.cc\/fr\/?s={search_term_string}"},"query-input":{"@type":"PropertyValueSpecification","valueRequired":true,"valueName":"search_term_string"}}],"inLanguage":"fr-FR"},{"@type":"Organization","@id":"https:\/\/www.tanguay.cc\/fr\/#organization","name":"Machineries Tanguay Machinery","url":"https:\/\/www.tanguay.cc\/fr\/","logo":{"@type":"ImageObject","inLanguage":"fr-FR","@id":"https:\/\/www.tanguay.cc\/fr\/#\/schema\/logo\/image\/","url":"https:\/\/www.tanguay.cc\/wp-content\/uploads\/2023\/02\/Tanguay_Emb_Coul_300dpi-scaled.jpg","contentUrl":"https:\/\/www.tanguay.cc\/wp-content\/uploads\/2023\/02\/Tanguay_Emb_Coul_300dpi-scaled.jpg","width":2560,"height":1536,"caption":"Machineries Tanguay Machinery"},"image":{"@id":"https:\/\/www.tanguay.cc\/fr\/#\/schema\/logo\/image\/"},"sameAs":["https:\/\/www.facebook.com\/machinerietanguay","https:\/\/x.com\/TanguayMachine"],"publishingPrinciples":"https:\/\/www.tanguay.cc\/fr\/privacy-statement-ca\/","ethicsPolicy":"https:\/\/www.tanguay.cc\/fr\/privacy-statement-ca\/"}]}},"_links":{"self":[{"href":"https:\/\/www.tanguay.cc\/fr\/wp-json\/wp\/v2\/pages\/2769","targetHints":{"allow":["GET"]}}],"collection":[{"href":"https:\/\/www.tanguay.cc\/fr\/wp-json\/wp\/v2\/pages"}],"about":[{"href":"https:\/\/www.tanguay.cc\/fr\/wp-json\/wp\/v2\/types\/page"}],"author":[{"embeddable":true,"href":"https:\/\/www.tanguay.cc\/fr\/wp-json\/wp\/v2\/users\/3"}],"replies":[{"embeddable":true,"href":"https:\/\/www.tanguay.cc\/fr\/wp-json\/wp\/v2\/comments?post=2769"}],"version-history":[{"count":6,"href":"https:\/\/www.tanguay.cc\/fr\/wp-json\/wp\/v2\/pages\/2769\/revisions"}],"predecessor-version":[{"id":2882,"href":"https:\/\/www.tanguay.cc\/fr\/wp-json\/wp\/v2\/pages\/2769\/revisions\/2882"}],"wp:attachment":[{"href":"https:\/\/www.tanguay.cc\/fr\/wp-json\/wp\/v2\/media?parent=2769"}],"curies":[{"name":"wp","href":"https:\/\/api.w.org\/{rel}","templated":true}]}}