{"id":2754,"date":"2023-04-04T08:31:10","date_gmt":"2023-04-04T13:31:10","guid":{"rendered":"https:\/\/www.tanguay.cc\/disclaimer\/"},"modified":"2023-04-26T13:04:20","modified_gmt":"2023-04-26T18:04:20","slug":"disclaimer","status":"publish","type":"page","link":"https:\/\/www.tanguay.cc\/fr\/disclaimer\/","title":{"rendered":"Avis de non-responsabilit\u00e9"},"content":{"rendered":"\n<!-- Legal document generated by Complianz | GDPR\/CCPA Cookie Consent https:\/\/wordpress.org\/plugins\/complianz-gdpr -->\n<div id=\"cmplz-document\" class=\"cmplz-document disclaimer cmplz-document-all\"><p>Les Machineries Tanguay Inc. s\u2019engage \u00e0 maintenir ce site web \u00e0 jour en temps et en heure. Si toutefois vous rencontriez un probl\u00e8me ou des donn\u00e9es obsol\u00e8te, nous vous serions reconnaissants de nous le faire savoir. Veuillez indiquer o\u00f9 sur le site web vous lisez les informations incorrectes. Nous examinerons cela d\u00e8s que possible. Veuillez envoyer votre r\u00e9ponse par e-mail \u00e0: <span class=\"cmplz-obfuscate\">&#114;&#112;@<span class=\"cmplz-fmail-domain\">e&#120;&#046;co&#109;<\/span>&#116;&#097;&#110;&#103;&#117;ay&#046;cc<\/span>.<\/p><p>Nous ne sommes pas responsables des pertes r\u00e9sultant d\u2019inexactitudes ou de lacunes, ni des pertes r\u00e9sultant de probl\u00e8mes caus\u00e9s par ou inh\u00e9rents \u00e0 la diffusion d\u2019informations par Internet, tels que des perturbations ou des interruptions. Lors de l\u2019utilisation de formulaires Web, nous nous effor\u00e7ons de limiter le nombre de champs obligatoires au minimum. Pour toute perte subie \u00e0 la suite de l\u2019utilisation de donn\u00e9es, de conseils ou d\u2019id\u00e9es fournis par ou au nom de Les Machineries Tanguay Inc. via ce site web, Les Machineries Tanguay Inc. n\u2019assume aucune responsabilit\u00e9.<\/p><p>Les Machineries Tanguay Inc. doit faire tous les efforts possibles pour prot\u00e9ger ses syst\u00e8mes contre toute forme d\u2019utilisation illicite. Les Machineries Tanguay Inc. doit mettre en \u0153uvre les mesures techniques et organisationnelles appropri\u00e9es \u00e0 cette fin, en tenant compte, entre autres, de l\u2019\u00e9tat de l\u2019art. Toutefois, il ne saurait \u00eatre tenu pour responsable de quelque pr\u00e9judice que ce soit, direct et\/ou indirect, subi par un utilisateur du site web, r\u00e9sultant de l\u2019utilisation ill\u00e9gale de ses syst\u00e8mes par une tierce partie.<\/p><p>Les Machineries Tanguay Inc. d\u00e9cline toute responsabilit\u00e9 quant au contenu des sites web auxquels ou \u00e0 partir desquels un hyperlien ou une autre r\u00e9f\u00e9rence est faite. Les produits ou services offerts par des tierces parties sont soumis aux termes et conditions applicables de ces tierces parties.<\/p><p>Tous les droits de propri\u00e9t\u00e9 intellectuelle sur le contenu de ce site web sont d\u00e9tenus par Les Machineries Tanguay Inc. ou par des tierces parties qui ont plac\u00e9 le contenu eux-m\u00eames ou de qui Les Machineries Tanguay Inc. a obtenu une licence d\u2019utilisation.<\/p><p>La copie, la diffusion et toute autre utilisation de ces documents sont interdites sans l\u2019autorisation \u00e9crite de Les Machineries Tanguay Inc. , sauf si et dans la mesure o\u00f9 le stipule une r\u00e9glementation imp\u00e9rative (telle que le droit de citer), sauf indication contraire du contenu.<\/p><p>Si vous avez des questions ou des probl\u00e8mes d\u2019accessibilit\u00e9 du site, n\u2019h\u00e9sitez pas \u00e0 nous contacter.<\/p><\/div>","protected":false},"excerpt":{"rendered":"","protected":false},"author":3,"featured_media":0,"parent":0,"menu_order":0,"comment_status":"closed","ping_status":"closed","template":"","meta":{"footnotes":""},"class_list":["post-2754","page","type-page","status-publish","hentry"],"yoast_head":"<!-- This site is optimized with the Yoast SEO Premium plugin v27.2 (Yoast SEO v27.2) - https:\/\/yoast.com\/product\/yoast-seo-premium-wordpress\/ -->\n<title>Avis de non-responsabilit\u00e9 - Machineries Tanguay Machinery<\/title>\n<meta name=\"description\" content=\"Avis de non-responsabilit\u00e9 Machineries Tanguay Machinery\" \/>\n<meta name=\"robots\" content=\"index, follow, max-snippet:-1, max-image-preview:large, max-video-preview:-1\" \/>\n<link rel=\"canonical\" href=\"https:\/\/www.tanguay.cc\/fr\/disclaimer\/\" \/>\n<meta property=\"og:locale\" content=\"fr_FR\" \/>\n<meta property=\"og:type\" content=\"article\" \/>\n<meta property=\"og:title\" content=\"Avis de non-responsabilit\u00e9\" \/>\n<meta property=\"og:description\" content=\"Avis de non-responsabilit\u00e9 Machineries Tanguay Machinery\" \/>\n<meta property=\"og:url\" content=\"https:\/\/www.tanguay.cc\/fr\/disclaimer\/\" \/>\n<meta property=\"og:site_name\" content=\"Machineries Tanguay Machinery\" \/>\n<meta property=\"article:publisher\" content=\"https:\/\/www.facebook.com\/machinerietanguay\" \/>\n<meta property=\"article:modified_time\" content=\"2023-04-26T18:04:20+00:00\" \/>\n<meta property=\"og:image\" content=\"https:\/\/www.tanguay.cc\/wp-content\/uploads\/2025\/07\/Tanguay_Emb_Coul__531_300.jpg\" \/>\n\t<meta property=\"og:image:width\" content=\"531\" \/>\n\t<meta property=\"og:image:height\" content=\"300\" \/>\n\t<meta property=\"og:image:type\" content=\"image\/jpeg\" \/>\n<meta name=\"twitter:card\" content=\"summary_large_image\" \/>\n<meta name=\"twitter:site\" content=\"@TanguayMachine\" \/>\n<script type=\"application\/ld+json\" class=\"yoast-schema-graph\">{\"@context\":\"https:\/\/schema.org\",\"@graph\":[{\"@type\":\"WebPage\",\"@id\":\"https:\/\/www.tanguay.cc\/fr\/disclaimer\/\",\"url\":\"https:\/\/www.tanguay.cc\/fr\/disclaimer\/\",\"name\":\"Avis de non-responsabilit\u00e9 - Machineries Tanguay Machinery\",\"isPartOf\":{\"@id\":\"https:\/\/www.tanguay.cc\/fr\/#website\"},\"datePublished\":\"2023-04-04T13:31:10+00:00\",\"dateModified\":\"2023-04-26T18:04:20+00:00\",\"description\":\"Avis de non-responsabilit\u00e9 Machineries Tanguay Machinery\",\"breadcrumb\":{\"@id\":\"https:\/\/www.tanguay.cc\/fr\/disclaimer\/#breadcrumb\"},\"inLanguage\":\"fr-FR\",\"potentialAction\":[{\"@type\":\"ReadAction\",\"target\":[\"https:\/\/www.tanguay.cc\/fr\/disclaimer\/\"]}]},{\"@type\":\"BreadcrumbList\",\"@id\":\"https:\/\/www.tanguay.cc\/fr\/disclaimer\/#breadcrumb\",\"itemListElement\":[{\"@type\":\"ListItem\",\"position\":1,\"name\":\"Home\",\"item\":\"https:\/\/www.tanguay.cc\/fr\/\"},{\"@type\":\"ListItem\",\"position\":2,\"name\":\"Avis de non-responsabilit\u00e9\"}]},{\"@type\":\"WebSite\",\"@id\":\"https:\/\/www.tanguay.cc\/fr\/#website\",\"url\":\"https:\/\/www.tanguay.cc\/fr\/\",\"name\":\"Machineries Tanguay Machinery\",\"description\":\"Paveuse Paver Abatteuse Feller Buncher Forwarder Transporteur Skidder\",\"publisher\":{\"@id\":\"https:\/\/www.tanguay.cc\/fr\/#organization\"},\"potentialAction\":[{\"@type\":\"SearchAction\",\"target\":{\"@type\":\"EntryPoint\",\"urlTemplate\":\"https:\/\/www.tanguay.cc\/fr\/?s={search_term_string}\"},\"query-input\":{\"@type\":\"PropertyValueSpecification\",\"valueRequired\":true,\"valueName\":\"search_term_string\"}}],\"inLanguage\":\"fr-FR\"},{\"@type\":\"Organization\",\"@id\":\"https:\/\/www.tanguay.cc\/fr\/#organization\",\"name\":\"Machineries Tanguay Machinery\",\"url\":\"https:\/\/www.tanguay.cc\/fr\/\",\"logo\":{\"@type\":\"ImageObject\",\"inLanguage\":\"fr-FR\",\"@id\":\"https:\/\/www.tanguay.cc\/fr\/#\/schema\/logo\/image\/\",\"url\":\"https:\/\/www.tanguay.cc\/wp-content\/uploads\/2023\/02\/Tanguay_Emb_Coul_300dpi-scaled.jpg\",\"contentUrl\":\"https:\/\/www.tanguay.cc\/wp-content\/uploads\/2023\/02\/Tanguay_Emb_Coul_300dpi-scaled.jpg\",\"width\":2560,\"height\":1536,\"caption\":\"Machineries Tanguay Machinery\"},\"image\":{\"@id\":\"https:\/\/www.tanguay.cc\/fr\/#\/schema\/logo\/image\/\"},\"sameAs\":[\"https:\/\/www.facebook.com\/machinerietanguay\",\"https:\/\/x.com\/TanguayMachine\"],\"publishingPrinciples\":\"https:\/\/www.tanguay.cc\/fr\/privacy-statement-ca\/\",\"ethicsPolicy\":\"https:\/\/www.tanguay.cc\/fr\/privacy-statement-ca\/\"}]}<\/script>\n<!-- \/ Yoast SEO Premium plugin. -->","yoast_head_json":{"title":"Avis de non-responsabilit\u00e9 - Machineries Tanguay Machinery","description":"Avis de non-responsabilit\u00e9 Machineries Tanguay Machinery","robots":{"index":"index","follow":"follow","max-snippet":"max-snippet:-1","max-image-preview":"max-image-preview:large","max-video-preview":"max-video-preview:-1"},"canonical":"https:\/\/www.tanguay.cc\/fr\/disclaimer\/","og_locale":"fr_FR","og_type":"article","og_title":"Avis de non-responsabilit\u00e9","og_description":"Avis de non-responsabilit\u00e9 Machineries Tanguay Machinery","og_url":"https:\/\/www.tanguay.cc\/fr\/disclaimer\/","og_site_name":"Machineries Tanguay Machinery","article_publisher":"https:\/\/www.facebook.com\/machinerietanguay","article_modified_time":"2023-04-26T18:04:20+00:00","og_image":[{"width":531,"height":300,"url":"https:\/\/www.tanguay.cc\/wp-content\/uploads\/2025\/07\/Tanguay_Emb_Coul__531_300.jpg","type":"image\/jpeg"}],"twitter_card":"summary_large_image","twitter_site":"@TanguayMachine","schema":{"@context":"https:\/\/schema.org","@graph":[{"@type":"WebPage","@id":"https:\/\/www.tanguay.cc\/fr\/disclaimer\/","url":"https:\/\/www.tanguay.cc\/fr\/disclaimer\/","name":"Avis de non-responsabilit\u00e9 - Machineries Tanguay Machinery","isPartOf":{"@id":"https:\/\/www.tanguay.cc\/fr\/#website"},"datePublished":"2023-04-04T13:31:10+00:00","dateModified":"2023-04-26T18:04:20+00:00","description":"Avis de non-responsabilit\u00e9 Machineries Tanguay Machinery","breadcrumb":{"@id":"https:\/\/www.tanguay.cc\/fr\/disclaimer\/#breadcrumb"},"inLanguage":"fr-FR","potentialAction":[{"@type":"ReadAction","target":["https:\/\/www.tanguay.cc\/fr\/disclaimer\/"]}]},{"@type":"BreadcrumbList","@id":"https:\/\/www.tanguay.cc\/fr\/disclaimer\/#breadcrumb","itemListElement":[{"@type":"ListItem","position":1,"name":"Home","item":"https:\/\/www.tanguay.cc\/fr\/"},{"@type":"ListItem","position":2,"name":"Avis de non-responsabilit\u00e9"}]},{"@type":"WebSite","@id":"https:\/\/www.tanguay.cc\/fr\/#website","url":"https:\/\/www.tanguay.cc\/fr\/","name":"Machineries Tanguay Machinery","description":"Paveuse Paver Abatteuse Feller Buncher Forwarder Transporteur Skidder","publisher":{"@id":"https:\/\/www.tanguay.cc\/fr\/#organization"},"potentialAction":[{"@type":"SearchAction","target":{"@type":"EntryPoint","urlTemplate":"https:\/\/www.tanguay.cc\/fr\/?s={search_term_string}"},"query-input":{"@type":"PropertyValueSpecification","valueRequired":true,"valueName":"search_term_string"}}],"inLanguage":"fr-FR"},{"@type":"Organization","@id":"https:\/\/www.tanguay.cc\/fr\/#organization","name":"Machineries Tanguay Machinery","url":"https:\/\/www.tanguay.cc\/fr\/","logo":{"@type":"ImageObject","inLanguage":"fr-FR","@id":"https:\/\/www.tanguay.cc\/fr\/#\/schema\/logo\/image\/","url":"https:\/\/www.tanguay.cc\/wp-content\/uploads\/2023\/02\/Tanguay_Emb_Coul_300dpi-scaled.jpg","contentUrl":"https:\/\/www.tanguay.cc\/wp-content\/uploads\/2023\/02\/Tanguay_Emb_Coul_300dpi-scaled.jpg","width":2560,"height":1536,"caption":"Machineries Tanguay Machinery"},"image":{"@id":"https:\/\/www.tanguay.cc\/fr\/#\/schema\/logo\/image\/"},"sameAs":["https:\/\/www.facebook.com\/machinerietanguay","https:\/\/x.com\/TanguayMachine"],"publishingPrinciples":"https:\/\/www.tanguay.cc\/fr\/privacy-statement-ca\/","ethicsPolicy":"https:\/\/www.tanguay.cc\/fr\/privacy-statement-ca\/"}]}},"_links":{"self":[{"href":"https:\/\/www.tanguay.cc\/fr\/wp-json\/wp\/v2\/pages\/2754","targetHints":{"allow":["GET"]}}],"collection":[{"href":"https:\/\/www.tanguay.cc\/fr\/wp-json\/wp\/v2\/pages"}],"about":[{"href":"https:\/\/www.tanguay.cc\/fr\/wp-json\/wp\/v2\/types\/page"}],"author":[{"embeddable":true,"href":"https:\/\/www.tanguay.cc\/fr\/wp-json\/wp\/v2\/users\/3"}],"replies":[{"embeddable":true,"href":"https:\/\/www.tanguay.cc\/fr\/wp-json\/wp\/v2\/comments?post=2754"}],"version-history":[{"count":2,"href":"https:\/\/www.tanguay.cc\/fr\/wp-json\/wp\/v2\/pages\/2754\/revisions"}],"predecessor-version":[{"id":2880,"href":"https:\/\/www.tanguay.cc\/fr\/wp-json\/wp\/v2\/pages\/2754\/revisions\/2880"}],"wp:attachment":[{"href":"https:\/\/www.tanguay.cc\/fr\/wp-json\/wp\/v2\/media?parent=2754"}],"curies":[{"name":"wp","href":"https:\/\/api.w.org\/{rel}","templated":true}]}}