{"id":2479,"date":"2021-06-07T17:47:06","date_gmt":"2021-06-07T22:47:06","guid":{"rendered":"https:\/\/www.tanguay.cc\/pieces-et-service\/parts-manual\/"},"modified":"2022-01-22T14:58:17","modified_gmt":"2022-01-22T19:58:17","slug":"manuel-de-pieces","status":"publish","type":"page","link":"https:\/\/www.tanguay.cc\/fr\/pieces-et-service\/manuel-de-pieces\/","title":{"rendered":"Manuel de pi\u00e8ces"},"content":{"rendered":"        <div class=\"filr-container\">\r\n            <table class=\"filr parts-manual-fr\"\r\n                   id=\"filr-library-parts-manual-fr\">\r\n                <thead>\r\n                <tr>\r\n\t\t\t\t\t\t\t\t\t\t\t                            <th class=\"file\">Fichier<\/th>\r\n\t\t\t\t\t\t\t\t\t\t\t\t\t\t\t\t\t                            <th class=\"size\">Taille<\/th>\r\n\t\t\t\t\t\t\t\t\t\t\t\t\t\t\t\t\t                            <th class=\"type\">Type<\/th>\r\n\t\t\t\t\t\t\t\t\t\t\t\t\t\t\t\t\t                            <th class=\"date\">Derni\u00e8re modification<\/th>\r\n\t\t\t\t\t\t\t\t\t\t\t\t\t\t\t\t\t                            <th class=\"download\">T\u00e9l\u00e9charger<\/th>\r\n\t\t\t\t\t\t\t\t\t\t\t                <\/tr>\r\n                <\/thead>\r\n                <tbody>\r\n\t\t\t\t                <\/tbody>\r\n            <\/table>\r\n        <\/div>\r\n\t\t\t\t\t\t\t\t\n","protected":false},"excerpt":{"rendered":"","protected":false},"author":3,"featured_media":0,"parent":2356,"menu_order":0,"comment_status":"closed","ping_status":"closed","template":"","meta":{"footnotes":""},"class_list":["post-2479","page","type-page","status-publish","hentry"],"yoast_head":"<!-- This site is optimized with the Yoast SEO Premium plugin v27.4 (Yoast SEO v27.4) - https:\/\/yoast.com\/product\/yoast-seo-premium-wordpress\/ -->\n<title>Manuel de pi\u00e8ces - Machineries Tanguay Machinery<\/title>\n<meta name=\"description\" content=\"Manuel de pi\u00e8ces Machineries Tanguay Machinery\" \/>\n<meta name=\"robots\" content=\"index, follow, max-snippet:-1, max-image-preview:large, max-video-preview:-1\" \/>\n<link rel=\"canonical\" href=\"https:\/\/www.tanguay.cc\/fr\/pieces-et-service\/manuel-de-pieces\/\" \/>\n<meta property=\"og:locale\" content=\"fr_FR\" \/>\n<meta property=\"og:type\" content=\"article\" \/>\n<meta property=\"og:title\" content=\"Manuel de pi\u00e8ces\" \/>\n<meta property=\"og:description\" content=\"Manuel de pi\u00e8ces Machineries Tanguay Machinery\" \/>\n<meta property=\"og:url\" content=\"https:\/\/www.tanguay.cc\/fr\/pieces-et-service\/manuel-de-pieces\/\" \/>\n<meta property=\"og:site_name\" content=\"Machineries Tanguay Machinery\" \/>\n<meta property=\"article:publisher\" content=\"https:\/\/www.facebook.com\/machinerietanguay\" \/>\n<meta property=\"article:modified_time\" content=\"2022-01-22T19:58:17+00:00\" \/>\n<meta property=\"og:image\" content=\"https:\/\/www.tanguay.cc\/wp-content\/uploads\/2025\/07\/Tanguay_Emb_Coul__531_300.jpg\" \/>\n\t<meta property=\"og:image:width\" content=\"531\" \/>\n\t<meta property=\"og:image:height\" content=\"300\" \/>\n\t<meta property=\"og:image:type\" content=\"image\/jpeg\" \/>\n<meta name=\"twitter:card\" content=\"summary_large_image\" \/>\n<meta name=\"twitter:site\" content=\"@TanguayMachine\" \/>\n<script type=\"application\/ld+json\" class=\"yoast-schema-graph\">{\"@context\":\"https:\\\/\\\/schema.org\",\"@graph\":[{\"@type\":\"WebPage\",\"@id\":\"https:\\\/\\\/www.tanguay.cc\\\/fr\\\/pieces-et-service\\\/manuel-de-pieces\\\/\",\"url\":\"https:\\\/\\\/www.tanguay.cc\\\/fr\\\/pieces-et-service\\\/manuel-de-pieces\\\/\",\"name\":\"Manuel de pi\u00e8ces - Machineries Tanguay Machinery\",\"isPartOf\":{\"@id\":\"https:\\\/\\\/www.tanguay.cc\\\/fr\\\/#website\"},\"datePublished\":\"2021-06-07T22:47:06+00:00\",\"dateModified\":\"2022-01-22T19:58:17+00:00\",\"description\":\"Manuel de pi\u00e8ces Machineries Tanguay Machinery\",\"breadcrumb\":{\"@id\":\"https:\\\/\\\/www.tanguay.cc\\\/fr\\\/pieces-et-service\\\/manuel-de-pieces\\\/#breadcrumb\"},\"inLanguage\":\"fr-FR\",\"potentialAction\":[{\"@type\":\"ReadAction\",\"target\":[\"https:\\\/\\\/www.tanguay.cc\\\/fr\\\/pieces-et-service\\\/manuel-de-pieces\\\/\"]}]},{\"@type\":\"BreadcrumbList\",\"@id\":\"https:\\\/\\\/www.tanguay.cc\\\/fr\\\/pieces-et-service\\\/manuel-de-pieces\\\/#breadcrumb\",\"itemListElement\":[{\"@type\":\"ListItem\",\"position\":1,\"name\":\"Home\",\"item\":\"https:\\\/\\\/www.tanguay.cc\\\/fr\\\/\"},{\"@type\":\"ListItem\",\"position\":2,\"name\":\"Pi\u00e8ces et service\",\"item\":\"https:\\\/\\\/www.tanguay.cc\\\/fr\\\/pieces-et-service\\\/\"},{\"@type\":\"ListItem\",\"position\":3,\"name\":\"Manuel de pi\u00e8ces\"}]},{\"@type\":\"WebSite\",\"@id\":\"https:\\\/\\\/www.tanguay.cc\\\/fr\\\/#website\",\"url\":\"https:\\\/\\\/www.tanguay.cc\\\/fr\\\/\",\"name\":\"Machineries Tanguay Machinery\",\"description\":\"Paveuse Paver Abatteuse Feller Buncher Forwarder Transporteur Skidder\",\"publisher\":{\"@id\":\"https:\\\/\\\/www.tanguay.cc\\\/fr\\\/#organization\"},\"potentialAction\":[{\"@type\":\"SearchAction\",\"target\":{\"@type\":\"EntryPoint\",\"urlTemplate\":\"https:\\\/\\\/www.tanguay.cc\\\/fr\\\/?s={search_term_string}\"},\"query-input\":{\"@type\":\"PropertyValueSpecification\",\"valueRequired\":true,\"valueName\":\"search_term_string\"}}],\"inLanguage\":\"fr-FR\"},{\"@type\":\"Organization\",\"@id\":\"https:\\\/\\\/www.tanguay.cc\\\/fr\\\/#organization\",\"name\":\"Machineries Tanguay Machinery\",\"url\":\"https:\\\/\\\/www.tanguay.cc\\\/fr\\\/\",\"logo\":{\"@type\":\"ImageObject\",\"inLanguage\":\"fr-FR\",\"@id\":\"https:\\\/\\\/www.tanguay.cc\\\/fr\\\/#\\\/schema\\\/logo\\\/image\\\/\",\"url\":\"https:\\\/\\\/www.tanguay.cc\\\/wp-content\\\/uploads\\\/2023\\\/02\\\/Tanguay_Emb_Coul_300dpi-scaled.jpg\",\"contentUrl\":\"https:\\\/\\\/www.tanguay.cc\\\/wp-content\\\/uploads\\\/2023\\\/02\\\/Tanguay_Emb_Coul_300dpi-scaled.jpg\",\"width\":2560,\"height\":1536,\"caption\":\"Machineries Tanguay Machinery\"},\"image\":{\"@id\":\"https:\\\/\\\/www.tanguay.cc\\\/fr\\\/#\\\/schema\\\/logo\\\/image\\\/\"},\"sameAs\":[\"https:\\\/\\\/www.facebook.com\\\/machinerietanguay\",\"https:\\\/\\\/x.com\\\/TanguayMachine\"],\"description\":\"Les Machineries Tanguay (situ\u00e9es \u00e0 Roberval, QC) sont une entreprise qu\u00e9b\u00e9coise sp\u00e9cialis\u00e9e dans la conception, la fabrication et la distribution d'\u00e9quipements forestiers et industriels robustes, tels que des chargeuses et \u00e9brancheuses. Reconnue pour sa qualit\u00e9, la marque offre aussi des pi\u00e8ces OEM, du service technique et de l'ing\u00e9nierie.\",\"telephone\":\"418-251-3152\",\"legalName\":\"Les Machineries Tanguay\",\"foundingDate\":\"1951-01-10\",\"numberOfEmployees\":{\"@type\":\"QuantitativeValue\",\"minValue\":\"51\",\"maxValue\":\"200\"},\"publishingPrinciples\":\"https:\\\/\\\/www.tanguay.cc\\\/fr\\\/privacy-statement-ca\\\/\",\"ethicsPolicy\":\"https:\\\/\\\/www.tanguay.cc\\\/fr\\\/privacy-statement-ca\\\/\"}]}<\/script>\n<!-- \/ Yoast SEO Premium plugin. -->","yoast_head_json":{"title":"Manuel de pi\u00e8ces - Machineries Tanguay Machinery","description":"Manuel de pi\u00e8ces Machineries Tanguay Machinery","robots":{"index":"index","follow":"follow","max-snippet":"max-snippet:-1","max-image-preview":"max-image-preview:large","max-video-preview":"max-video-preview:-1"},"canonical":"https:\/\/www.tanguay.cc\/fr\/pieces-et-service\/manuel-de-pieces\/","og_locale":"fr_FR","og_type":"article","og_title":"Manuel de pi\u00e8ces","og_description":"Manuel de pi\u00e8ces Machineries Tanguay Machinery","og_url":"https:\/\/www.tanguay.cc\/fr\/pieces-et-service\/manuel-de-pieces\/","og_site_name":"Machineries Tanguay Machinery","article_publisher":"https:\/\/www.facebook.com\/machinerietanguay","article_modified_time":"2022-01-22T19:58:17+00:00","og_image":[{"width":531,"height":300,"url":"https:\/\/www.tanguay.cc\/wp-content\/uploads\/2025\/07\/Tanguay_Emb_Coul__531_300.jpg","type":"image\/jpeg"}],"twitter_card":"summary_large_image","twitter_site":"@TanguayMachine","schema":{"@context":"https:\/\/schema.org","@graph":[{"@type":"WebPage","@id":"https:\/\/www.tanguay.cc\/fr\/pieces-et-service\/manuel-de-pieces\/","url":"https:\/\/www.tanguay.cc\/fr\/pieces-et-service\/manuel-de-pieces\/","name":"Manuel de pi\u00e8ces - Machineries Tanguay Machinery","isPartOf":{"@id":"https:\/\/www.tanguay.cc\/fr\/#website"},"datePublished":"2021-06-07T22:47:06+00:00","dateModified":"2022-01-22T19:58:17+00:00","description":"Manuel de pi\u00e8ces Machineries Tanguay Machinery","breadcrumb":{"@id":"https:\/\/www.tanguay.cc\/fr\/pieces-et-service\/manuel-de-pieces\/#breadcrumb"},"inLanguage":"fr-FR","potentialAction":[{"@type":"ReadAction","target":["https:\/\/www.tanguay.cc\/fr\/pieces-et-service\/manuel-de-pieces\/"]}]},{"@type":"BreadcrumbList","@id":"https:\/\/www.tanguay.cc\/fr\/pieces-et-service\/manuel-de-pieces\/#breadcrumb","itemListElement":[{"@type":"ListItem","position":1,"name":"Home","item":"https:\/\/www.tanguay.cc\/fr\/"},{"@type":"ListItem","position":2,"name":"Pi\u00e8ces et service","item":"https:\/\/www.tanguay.cc\/fr\/pieces-et-service\/"},{"@type":"ListItem","position":3,"name":"Manuel de pi\u00e8ces"}]},{"@type":"WebSite","@id":"https:\/\/www.tanguay.cc\/fr\/#website","url":"https:\/\/www.tanguay.cc\/fr\/","name":"Machineries Tanguay Machinery","description":"Paveuse Paver Abatteuse Feller Buncher Forwarder Transporteur Skidder","publisher":{"@id":"https:\/\/www.tanguay.cc\/fr\/#organization"},"potentialAction":[{"@type":"SearchAction","target":{"@type":"EntryPoint","urlTemplate":"https:\/\/www.tanguay.cc\/fr\/?s={search_term_string}"},"query-input":{"@type":"PropertyValueSpecification","valueRequired":true,"valueName":"search_term_string"}}],"inLanguage":"fr-FR"},{"@type":"Organization","@id":"https:\/\/www.tanguay.cc\/fr\/#organization","name":"Machineries Tanguay Machinery","url":"https:\/\/www.tanguay.cc\/fr\/","logo":{"@type":"ImageObject","inLanguage":"fr-FR","@id":"https:\/\/www.tanguay.cc\/fr\/#\/schema\/logo\/image\/","url":"https:\/\/www.tanguay.cc\/wp-content\/uploads\/2023\/02\/Tanguay_Emb_Coul_300dpi-scaled.jpg","contentUrl":"https:\/\/www.tanguay.cc\/wp-content\/uploads\/2023\/02\/Tanguay_Emb_Coul_300dpi-scaled.jpg","width":2560,"height":1536,"caption":"Machineries Tanguay Machinery"},"image":{"@id":"https:\/\/www.tanguay.cc\/fr\/#\/schema\/logo\/image\/"},"sameAs":["https:\/\/www.facebook.com\/machinerietanguay","https:\/\/x.com\/TanguayMachine"],"description":"Les Machineries Tanguay (situ\u00e9es \u00e0 Roberval, QC) sont une entreprise qu\u00e9b\u00e9coise sp\u00e9cialis\u00e9e dans la conception, la fabrication et la distribution d'\u00e9quipements forestiers et industriels robustes, tels que des chargeuses et \u00e9brancheuses. Reconnue pour sa qualit\u00e9, la marque offre aussi des pi\u00e8ces OEM, du service technique et de l'ing\u00e9nierie.","telephone":"418-251-3152","legalName":"Les Machineries Tanguay","foundingDate":"1951-01-10","numberOfEmployees":{"@type":"QuantitativeValue","minValue":"51","maxValue":"200"},"publishingPrinciples":"https:\/\/www.tanguay.cc\/fr\/privacy-statement-ca\/","ethicsPolicy":"https:\/\/www.tanguay.cc\/fr\/privacy-statement-ca\/"}]}},"_links":{"self":[{"href":"https:\/\/www.tanguay.cc\/fr\/wp-json\/wp\/v2\/pages\/2479","targetHints":{"allow":["GET"]}}],"collection":[{"href":"https:\/\/www.tanguay.cc\/fr\/wp-json\/wp\/v2\/pages"}],"about":[{"href":"https:\/\/www.tanguay.cc\/fr\/wp-json\/wp\/v2\/types\/page"}],"author":[{"embeddable":true,"href":"https:\/\/www.tanguay.cc\/fr\/wp-json\/wp\/v2\/users\/3"}],"replies":[{"embeddable":true,"href":"https:\/\/www.tanguay.cc\/fr\/wp-json\/wp\/v2\/comments?post=2479"}],"version-history":[{"count":1,"href":"https:\/\/www.tanguay.cc\/fr\/wp-json\/wp\/v2\/pages\/2479\/revisions"}],"predecessor-version":[{"id":2580,"href":"https:\/\/www.tanguay.cc\/fr\/wp-json\/wp\/v2\/pages\/2479\/revisions\/2580"}],"up":[{"embeddable":true,"href":"https:\/\/www.tanguay.cc\/fr\/wp-json\/wp\/v2\/pages\/2356"}],"wp:attachment":[{"href":"https:\/\/www.tanguay.cc\/fr\/wp-json\/wp\/v2\/media?parent=2479"}],"curies":[{"name":"wp","href":"https:\/\/api.w.org\/{rel}","templated":true}]}}