{"id":2389,"date":"2020-10-26T19:16:02","date_gmt":"2020-10-27T00:16:02","guid":{"rendered":"https:\/\/www.tanguay.cc\/foresterie\/logset\/"},"modified":"2026-04-20T13:13:26","modified_gmt":"2026-04-20T18:13:26","slug":"logset","status":"publish","type":"page","link":"https:\/\/www.tanguay.cc\/fr\/foresteriescierie\/logset\/","title":{"rendered":"LOGSET"},"content":{"rendered":"<p style=\"text-align: center;\"><img decoding=\"async\" class=\"alignnone size-medium wp-image-2187\" src=\"https:\/\/www.tanguay.cc\/wp-content\/uploads\/2020\/10\/logset_couleur_logo-300x98.jpg\" alt=\"\" width=\"300\" height=\"98\"><\/p>\n<p>La combinaison r\u00e9ussie du syst\u00e8me de commande TOC 2 Logset et du moteur diesel AGCO Power fait des machines foresti\u00e8res Logset les plus \u00e9conomes en carburant du march\u00e9.<\/p>\n<p>Les machines Logset pr\u00e9sentent des caract\u00e9ristiques ergonomiques essentielles telles qu&rsquo;un confort de premier ordre, une vue claire, une facilit\u00e9 d&rsquo;utilisation et un acc\u00e8s ais\u00e9 pour l&rsquo;entretien.<\/p>\n<p>Nous sommes distributeurs d&rsquo;\u00e9quipements et de pi\u00e8ces Logset pour l&rsquo;Abitibi-T\u00e9miscamingue &#8211; Chibougamau.<\/p>\n<p><a href=\"https:\/\/www.logset.com\/en\/forwarders\" target=\"_blank\" rel=\"noopener noreferrer\">https:\/\/www.logset.com\/en\/forwarders<\/a><\/p>\n<p>Youtube : <a href=\"https:\/\/www.youtube.com\/playlist?list=PLWVScEL419W7lnFnoMtVMWqy170RIq_qT\" target=\"_blank\" rel=\"noopener noreferrer\">https:\/\/www.youtube.com\/playlist?list=PLWVScEL419W7lnFnoMtVMWqy170RIq_qT<\/a><\/p>\n","protected":false},"excerpt":{"rendered":"<p>La combinaison r\u00e9ussie du syst\u00e8me de commande TOC 2 Logset et du moteur diesel AGCO Power fait des machines foresti\u00e8res Logset les plus \u00e9conomes en carburant du march\u00e9. Les machines Logset pr\u00e9sentent des caract\u00e9ristiques ergonomiques essentielles telles qu&rsquo;un confort de premier ordre, une vue claire, une facilit\u00e9 d&rsquo;utilisation et un acc\u00e8s ais\u00e9 pour l&rsquo;entretien. Nous sommes distributeurs d&rsquo;\u00e9quipements et de pi\u00e8ces Logset pour l&rsquo;Abitibi-T\u00e9miscamingue &#8211; Chibougamau. https:\/\/www.logset.com\/en\/forwarders Youtube : https:\/\/www.youtube.com\/playlist?list=PLWVScEL419W7lnFnoMtVMWqy170RIq_qT<\/p>\n","protected":false},"author":3,"featured_media":0,"parent":2343,"menu_order":0,"comment_status":"closed","ping_status":"closed","template":"","meta":{"footnotes":""},"class_list":["post-2389","page","type-page","status-publish","hentry"],"yoast_head":"<!-- This site is optimized with the Yoast SEO Premium plugin v27.4 (Yoast SEO v27.4) - https:\/\/yoast.com\/product\/yoast-seo-premium-wordpress\/ -->\n<title>LOGSET - Machineries Tanguay Machinery<\/title>\n<meta name=\"description\" content=\"LOGSET Machineries Tanguay Machinery\" \/>\n<meta name=\"robots\" content=\"index, follow, max-snippet:-1, max-image-preview:large, max-video-preview:-1\" \/>\n<link rel=\"canonical\" href=\"https:\/\/www.tanguay.cc\/fr\/foresteriescierie\/logset\/\" \/>\n<meta property=\"og:locale\" content=\"fr_FR\" \/>\n<meta property=\"og:type\" content=\"article\" \/>\n<meta property=\"og:title\" content=\"LOGSET\" \/>\n<meta property=\"og:description\" content=\"LOGSET Machineries Tanguay Machinery\" \/>\n<meta property=\"og:url\" content=\"https:\/\/www.tanguay.cc\/fr\/foresteriescierie\/logset\/\" \/>\n<meta property=\"og:site_name\" content=\"Machineries Tanguay Machinery\" \/>\n<meta property=\"article:publisher\" content=\"https:\/\/www.facebook.com\/machinerietanguay\" \/>\n<meta property=\"article:modified_time\" content=\"2026-04-20T18:13:26+00:00\" \/>\n<meta property=\"og:image\" content=\"https:\/\/www.tanguay.cc\/wp-content\/uploads\/2020\/10\/logset_couleur_logo-300x98.jpg\" \/>\n<meta name=\"twitter:card\" content=\"summary_large_image\" \/>\n<meta name=\"twitter:site\" content=\"@TanguayMachine\" \/>\n<script type=\"application\/ld+json\" class=\"yoast-schema-graph\">{\"@context\":\"https:\\\/\\\/schema.org\",\"@graph\":[{\"@type\":\"WebPage\",\"@id\":\"https:\\\/\\\/www.tanguay.cc\\\/fr\\\/foresteriescierie\\\/logset\\\/\",\"url\":\"https:\\\/\\\/www.tanguay.cc\\\/fr\\\/foresteriescierie\\\/logset\\\/\",\"name\":\"LOGSET - Machineries Tanguay Machinery\",\"isPartOf\":{\"@id\":\"https:\\\/\\\/www.tanguay.cc\\\/fr\\\/#website\"},\"primaryImageOfPage\":{\"@id\":\"https:\\\/\\\/www.tanguay.cc\\\/fr\\\/foresteriescierie\\\/logset\\\/#primaryimage\"},\"image\":{\"@id\":\"https:\\\/\\\/www.tanguay.cc\\\/fr\\\/foresteriescierie\\\/logset\\\/#primaryimage\"},\"thumbnailUrl\":\"https:\\\/\\\/www.tanguay.cc\\\/wp-content\\\/uploads\\\/2020\\\/10\\\/logset_couleur_logo-300x98.jpg\",\"datePublished\":\"2020-10-27T00:16:02+00:00\",\"dateModified\":\"2026-04-20T18:13:26+00:00\",\"description\":\"LOGSET Machineries Tanguay Machinery\",\"breadcrumb\":{\"@id\":\"https:\\\/\\\/www.tanguay.cc\\\/fr\\\/foresteriescierie\\\/logset\\\/#breadcrumb\"},\"inLanguage\":\"fr-FR\",\"potentialAction\":[{\"@type\":\"ReadAction\",\"target\":[\"https:\\\/\\\/www.tanguay.cc\\\/fr\\\/foresteriescierie\\\/logset\\\/\"]}]},{\"@type\":\"ImageObject\",\"inLanguage\":\"fr-FR\",\"@id\":\"https:\\\/\\\/www.tanguay.cc\\\/fr\\\/foresteriescierie\\\/logset\\\/#primaryimage\",\"url\":\"https:\\\/\\\/www.tanguay.cc\\\/wp-content\\\/uploads\\\/2020\\\/10\\\/logset_couleur_logo-300x98.jpg\",\"contentUrl\":\"https:\\\/\\\/www.tanguay.cc\\\/wp-content\\\/uploads\\\/2020\\\/10\\\/logset_couleur_logo-300x98.jpg\"},{\"@type\":\"BreadcrumbList\",\"@id\":\"https:\\\/\\\/www.tanguay.cc\\\/fr\\\/foresteriescierie\\\/logset\\\/#breadcrumb\",\"itemListElement\":[{\"@type\":\"ListItem\",\"position\":1,\"name\":\"Home\",\"item\":\"https:\\\/\\\/www.tanguay.cc\\\/fr\\\/\"},{\"@type\":\"ListItem\",\"position\":2,\"name\":\"Foresterie\\\/Scierie\",\"item\":\"https:\\\/\\\/www.tanguay.cc\\\/fr\\\/foresteriescierie\\\/\"},{\"@type\":\"ListItem\",\"position\":3,\"name\":\"LOGSET\"}]},{\"@type\":\"WebSite\",\"@id\":\"https:\\\/\\\/www.tanguay.cc\\\/fr\\\/#website\",\"url\":\"https:\\\/\\\/www.tanguay.cc\\\/fr\\\/\",\"name\":\"Machineries Tanguay Machinery\",\"description\":\"Paveuse Paver Abatteuse Feller Buncher Forwarder Transporteur Skidder\",\"publisher\":{\"@id\":\"https:\\\/\\\/www.tanguay.cc\\\/fr\\\/#organization\"},\"potentialAction\":[{\"@type\":\"SearchAction\",\"target\":{\"@type\":\"EntryPoint\",\"urlTemplate\":\"https:\\\/\\\/www.tanguay.cc\\\/fr\\\/?s={search_term_string}\"},\"query-input\":{\"@type\":\"PropertyValueSpecification\",\"valueRequired\":true,\"valueName\":\"search_term_string\"}}],\"inLanguage\":\"fr-FR\"},{\"@type\":\"Organization\",\"@id\":\"https:\\\/\\\/www.tanguay.cc\\\/fr\\\/#organization\",\"name\":\"Machineries Tanguay Machinery\",\"url\":\"https:\\\/\\\/www.tanguay.cc\\\/fr\\\/\",\"logo\":{\"@type\":\"ImageObject\",\"inLanguage\":\"fr-FR\",\"@id\":\"https:\\\/\\\/www.tanguay.cc\\\/fr\\\/#\\\/schema\\\/logo\\\/image\\\/\",\"url\":\"https:\\\/\\\/www.tanguay.cc\\\/wp-content\\\/uploads\\\/2023\\\/02\\\/Tanguay_Emb_Coul_300dpi-scaled.jpg\",\"contentUrl\":\"https:\\\/\\\/www.tanguay.cc\\\/wp-content\\\/uploads\\\/2023\\\/02\\\/Tanguay_Emb_Coul_300dpi-scaled.jpg\",\"width\":2560,\"height\":1536,\"caption\":\"Machineries Tanguay Machinery\"},\"image\":{\"@id\":\"https:\\\/\\\/www.tanguay.cc\\\/fr\\\/#\\\/schema\\\/logo\\\/image\\\/\"},\"sameAs\":[\"https:\\\/\\\/www.facebook.com\\\/machinerietanguay\",\"https:\\\/\\\/x.com\\\/TanguayMachine\"],\"description\":\"Les Machineries Tanguay (situ\u00e9es \u00e0 Roberval, QC) sont une entreprise qu\u00e9b\u00e9coise sp\u00e9cialis\u00e9e dans la conception, la fabrication et la distribution d'\u00e9quipements forestiers et industriels robustes, tels que des chargeuses et \u00e9brancheuses. Reconnue pour sa qualit\u00e9, la marque offre aussi des pi\u00e8ces OEM, du service technique et de l'ing\u00e9nierie.\",\"telephone\":\"418-251-3152\",\"legalName\":\"Les Machineries Tanguay\",\"foundingDate\":\"1951-01-10\",\"numberOfEmployees\":{\"@type\":\"QuantitativeValue\",\"minValue\":\"51\",\"maxValue\":\"200\"},\"publishingPrinciples\":\"https:\\\/\\\/www.tanguay.cc\\\/fr\\\/privacy-statement-ca\\\/\",\"ethicsPolicy\":\"https:\\\/\\\/www.tanguay.cc\\\/fr\\\/privacy-statement-ca\\\/\"}]}<\/script>\n<!-- \/ Yoast SEO Premium plugin. -->","yoast_head_json":{"title":"LOGSET - Machineries Tanguay Machinery","description":"LOGSET Machineries Tanguay Machinery","robots":{"index":"index","follow":"follow","max-snippet":"max-snippet:-1","max-image-preview":"max-image-preview:large","max-video-preview":"max-video-preview:-1"},"canonical":"https:\/\/www.tanguay.cc\/fr\/foresteriescierie\/logset\/","og_locale":"fr_FR","og_type":"article","og_title":"LOGSET","og_description":"LOGSET Machineries Tanguay Machinery","og_url":"https:\/\/www.tanguay.cc\/fr\/foresteriescierie\/logset\/","og_site_name":"Machineries Tanguay Machinery","article_publisher":"https:\/\/www.facebook.com\/machinerietanguay","article_modified_time":"2026-04-20T18:13:26+00:00","og_image":[{"url":"https:\/\/www.tanguay.cc\/wp-content\/uploads\/2020\/10\/logset_couleur_logo-300x98.jpg","type":"","width":"","height":""}],"twitter_card":"summary_large_image","twitter_site":"@TanguayMachine","schema":{"@context":"https:\/\/schema.org","@graph":[{"@type":"WebPage","@id":"https:\/\/www.tanguay.cc\/fr\/foresteriescierie\/logset\/","url":"https:\/\/www.tanguay.cc\/fr\/foresteriescierie\/logset\/","name":"LOGSET - Machineries Tanguay Machinery","isPartOf":{"@id":"https:\/\/www.tanguay.cc\/fr\/#website"},"primaryImageOfPage":{"@id":"https:\/\/www.tanguay.cc\/fr\/foresteriescierie\/logset\/#primaryimage"},"image":{"@id":"https:\/\/www.tanguay.cc\/fr\/foresteriescierie\/logset\/#primaryimage"},"thumbnailUrl":"https:\/\/www.tanguay.cc\/wp-content\/uploads\/2020\/10\/logset_couleur_logo-300x98.jpg","datePublished":"2020-10-27T00:16:02+00:00","dateModified":"2026-04-20T18:13:26+00:00","description":"LOGSET Machineries Tanguay Machinery","breadcrumb":{"@id":"https:\/\/www.tanguay.cc\/fr\/foresteriescierie\/logset\/#breadcrumb"},"inLanguage":"fr-FR","potentialAction":[{"@type":"ReadAction","target":["https:\/\/www.tanguay.cc\/fr\/foresteriescierie\/logset\/"]}]},{"@type":"ImageObject","inLanguage":"fr-FR","@id":"https:\/\/www.tanguay.cc\/fr\/foresteriescierie\/logset\/#primaryimage","url":"https:\/\/www.tanguay.cc\/wp-content\/uploads\/2020\/10\/logset_couleur_logo-300x98.jpg","contentUrl":"https:\/\/www.tanguay.cc\/wp-content\/uploads\/2020\/10\/logset_couleur_logo-300x98.jpg"},{"@type":"BreadcrumbList","@id":"https:\/\/www.tanguay.cc\/fr\/foresteriescierie\/logset\/#breadcrumb","itemListElement":[{"@type":"ListItem","position":1,"name":"Home","item":"https:\/\/www.tanguay.cc\/fr\/"},{"@type":"ListItem","position":2,"name":"Foresterie\/Scierie","item":"https:\/\/www.tanguay.cc\/fr\/foresteriescierie\/"},{"@type":"ListItem","position":3,"name":"LOGSET"}]},{"@type":"WebSite","@id":"https:\/\/www.tanguay.cc\/fr\/#website","url":"https:\/\/www.tanguay.cc\/fr\/","name":"Machineries Tanguay Machinery","description":"Paveuse Paver Abatteuse Feller Buncher Forwarder Transporteur Skidder","publisher":{"@id":"https:\/\/www.tanguay.cc\/fr\/#organization"},"potentialAction":[{"@type":"SearchAction","target":{"@type":"EntryPoint","urlTemplate":"https:\/\/www.tanguay.cc\/fr\/?s={search_term_string}"},"query-input":{"@type":"PropertyValueSpecification","valueRequired":true,"valueName":"search_term_string"}}],"inLanguage":"fr-FR"},{"@type":"Organization","@id":"https:\/\/www.tanguay.cc\/fr\/#organization","name":"Machineries Tanguay Machinery","url":"https:\/\/www.tanguay.cc\/fr\/","logo":{"@type":"ImageObject","inLanguage":"fr-FR","@id":"https:\/\/www.tanguay.cc\/fr\/#\/schema\/logo\/image\/","url":"https:\/\/www.tanguay.cc\/wp-content\/uploads\/2023\/02\/Tanguay_Emb_Coul_300dpi-scaled.jpg","contentUrl":"https:\/\/www.tanguay.cc\/wp-content\/uploads\/2023\/02\/Tanguay_Emb_Coul_300dpi-scaled.jpg","width":2560,"height":1536,"caption":"Machineries Tanguay Machinery"},"image":{"@id":"https:\/\/www.tanguay.cc\/fr\/#\/schema\/logo\/image\/"},"sameAs":["https:\/\/www.facebook.com\/machinerietanguay","https:\/\/x.com\/TanguayMachine"],"description":"Les Machineries Tanguay (situ\u00e9es \u00e0 Roberval, QC) sont une entreprise qu\u00e9b\u00e9coise sp\u00e9cialis\u00e9e dans la conception, la fabrication et la distribution d'\u00e9quipements forestiers et industriels robustes, tels que des chargeuses et \u00e9brancheuses. Reconnue pour sa qualit\u00e9, la marque offre aussi des pi\u00e8ces OEM, du service technique et de l'ing\u00e9nierie.","telephone":"418-251-3152","legalName":"Les Machineries Tanguay","foundingDate":"1951-01-10","numberOfEmployees":{"@type":"QuantitativeValue","minValue":"51","maxValue":"200"},"publishingPrinciples":"https:\/\/www.tanguay.cc\/fr\/privacy-statement-ca\/","ethicsPolicy":"https:\/\/www.tanguay.cc\/fr\/privacy-statement-ca\/"}]}},"_links":{"self":[{"href":"https:\/\/www.tanguay.cc\/fr\/wp-json\/wp\/v2\/pages\/2389","targetHints":{"allow":["GET"]}}],"collection":[{"href":"https:\/\/www.tanguay.cc\/fr\/wp-json\/wp\/v2\/pages"}],"about":[{"href":"https:\/\/www.tanguay.cc\/fr\/wp-json\/wp\/v2\/types\/page"}],"author":[{"embeddable":true,"href":"https:\/\/www.tanguay.cc\/fr\/wp-json\/wp\/v2\/users\/3"}],"replies":[{"embeddable":true,"href":"https:\/\/www.tanguay.cc\/fr\/wp-json\/wp\/v2\/comments?post=2389"}],"version-history":[{"count":2,"href":"https:\/\/www.tanguay.cc\/fr\/wp-json\/wp\/v2\/pages\/2389\/revisions"}],"predecessor-version":[{"id":3179,"href":"https:\/\/www.tanguay.cc\/fr\/wp-json\/wp\/v2\/pages\/2389\/revisions\/3179"}],"up":[{"embeddable":true,"href":"https:\/\/www.tanguay.cc\/fr\/wp-json\/wp\/v2\/pages\/2343"}],"wp:attachment":[{"href":"https:\/\/www.tanguay.cc\/fr\/wp-json\/wp\/v2\/media?parent=2389"}],"curies":[{"name":"wp","href":"https:\/\/api.w.org\/{rel}","templated":true}]}}