{"id":2387,"date":"2020-10-27T18:17:59","date_gmt":"2020-10-27T23:17:59","guid":{"rendered":"https:\/\/www.tanguay.cc\/foresterie\/timberpro\/"},"modified":"2022-01-22T14:33:19","modified_gmt":"2022-01-22T19:33:19","slug":"timberpro","status":"publish","type":"page","link":"https:\/\/www.tanguay.cc\/fr\/foresterie\/timberpro\/","title":{"rendered":"TIMBERPRO"},"content":{"rendered":"<p><div class=\"fusion-fullwidth fullwidth-box fusion-builder-row-1 fusion-flex-container nonhundred-percent-fullwidth non-hundred-percent-height-scrolling\" style=\"--awb-border-radius-top-left:0px;--awb-border-radius-top-right:0px;--awb-border-radius-bottom-right:0px;--awb-border-radius-bottom-left:0px;--awb-flex-wrap:wrap;\" ><div class=\"fusion-builder-row fusion-row fusion-flex-align-items-flex-start fusion-flex-content-wrap\" style=\"max-width:1331.2px;margin-left: calc(-4% \/ 2 );margin-right: calc(-4% \/ 2 );\"><div class=\"fusion-layout-column fusion_builder_column fusion-builder-column-0 fusion_builder_column_1_1 1_1 fusion-flex-column\" style=\"--awb-bg-size:cover;--awb-width-large:100%;--awb-margin-top-large:10px;--awb-spacing-right-large:1.92%;--awb-margin-bottom-large:10px;--awb-spacing-left-large:1.92%;--awb-width-medium:100%;--awb-order-medium:0;--awb-spacing-right-medium:1.92%;--awb-spacing-left-medium:1.92%;--awb-width-small:100%;--awb-order-small:0;--awb-spacing-right-small:1.92%;--awb-spacing-left-small:1.92%;\"><div class=\"fusion-column-wrapper fusion-column-has-shadow fusion-flex-justify-content-flex-start fusion-content-layout-column\"><div class=\"fusion-text fusion-text-1\"><p style=\"text-align: center;\"><img decoding=\"async\" class=\"alignnone size-medium wp-image-2208\" src=\"https:\/\/www.tanguay.cc\/wp-content\/uploads\/2020\/10\/timberpro_logo-300x39.jpg\" alt=\"\" width=\"300\" height=\"39\" \/><\/p>\n<p style=\"text-align: justify;\">Les transporteurs et abatteuses TimberPro sont des \u00e9quipements fiables, puissants et versatiles qui r\u00e9pondent aux besoins des entrepreneurs les plus innovateurs.<\/p>\n<p style=\"text-align: justify;\">Nous sommes distributeurs des \u00e9quipements et pi\u00e8ces TimberPro pour tout le Qu\u00e9bec et les Maritime ainsi que pour l\u2019est de l\u2019Ontario.<\/p>\n<p><a href=\"https:\/\/www.timberpro.com\/\" target=\"_blank\" rel=\"noopener noreferrer\">https:\/\/www.timberpro.com\/<\/a><\/p>\n<p>Youtube: <a href=\"https:\/\/www.youtube.com\/playlist?list=PLWVScEL419W7lnFnoMtVMWqy170RIq_qT\" target=\"_blank\" rel=\"noopener noreferrer\">https:\/\/www.youtube.com\/playlist?list=PLWVScEL419W7lnFnoMtVMWqy170RIq_qT<\/a><\/p>\n<\/div><\/div><\/div><\/div><\/div><div class=\"fusion-fullwidth fullwidth-box fusion-builder-row-2 fusion-flex-container nonhundred-percent-fullwidth non-hundred-percent-height-scrolling\" style=\"--awb-border-radius-top-left:0px;--awb-border-radius-top-right:0px;--awb-border-radius-bottom-right:0px;--awb-border-radius-bottom-left:0px;--awb-flex-wrap:wrap;\" ><div class=\"fusion-builder-row fusion-row fusion-flex-align-items-flex-start fusion-flex-content-wrap\" style=\"max-width:1331.2px;margin-left: calc(-4% \/ 2 );margin-right: calc(-4% \/ 2 );\"><div class=\"fusion-layout-column fusion_builder_column fusion-builder-column-1 fusion_builder_column_1_1 1_1 fusion-flex-column\" style=\"--awb-bg-size:cover;--awb-width-large:100%;--awb-margin-top-large:10px;--awb-spacing-right-large:1.92%;--awb-margin-bottom-large:10px;--awb-spacing-left-large:1.92%;--awb-width-medium:100%;--awb-order-medium:0;--awb-spacing-right-medium:1.92%;--awb-spacing-left-medium:1.92%;--awb-width-small:100%;--awb-order-small:0;--awb-spacing-right-small:1.92%;--awb-spacing-left-small:1.92%;\"><div class=\"fusion-column-wrapper fusion-column-has-shadow fusion-flex-justify-content-flex-start fusion-content-layout-column\"><div class=\"fusion-title title fusion-title-1 fusion-sep-none fusion-title-center fusion-title-text fusion-title-size-three\" style=\"--awb-margin-top-small:10px;--awb-margin-right-small:0px;--awb-margin-bottom-small:20px;--awb-margin-left-small:0px;\"><h3 class=\"fusion-title-heading title-heading-center fusion-responsive-typography-calculated\" style=\"margin:0;--fontSize:24;line-height:1.4;\">Galerie de photos<\/h3><\/div><div class=\"awb-gallery-wrapper awb-gallery-wrapper-1 button-span-no\"><div style=\"margin:-5px;--awb-bordersize:0px;--awb-columns-medium:100%;--awb-columns-small:100%;\" class=\"fusion-gallery fusion-gallery-container fusion-grid-3 fusion-columns-total-8 fusion-gallery-layout-grid fusion-gallery-1\"><div style=\"padding:5px;\" class=\"fusion-grid-column fusion-gallery-column fusion-gallery-column-3 hover-type-none\"><div class=\"fusion-gallery-image\"><a href=\"https:\/\/www.tanguay.cc\/wp-content\/uploads\/2022\/01\/timberpro_gallery8.jpeg\" rel=\"noreferrer\" data-rel=\"iLightbox[gallery_image_1]\" class=\"fusion-lightbox\" target=\"_self\"><img decoding=\"async\" src=\"https:\/\/www.tanguay.cc\/wp-content\/uploads\/2022\/01\/timberpro_gallery8.jpeg\" width=\"1200\" height=\"800\" alt=\"\" title=\"timberpro_gallery8\" aria-label=\"timberpro_gallery8\" class=\"img-responsive wp-image-2628\" srcset=\"https:\/\/www.tanguay.cc\/wp-content\/uploads\/2022\/01\/timberpro_gallery8-200x133.jpeg 200w, https:\/\/www.tanguay.cc\/wp-content\/uploads\/2022\/01\/timberpro_gallery8-400x267.jpeg 400w, https:\/\/www.tanguay.cc\/wp-content\/uploads\/2022\/01\/timberpro_gallery8-600x400.jpeg 600w, https:\/\/www.tanguay.cc\/wp-content\/uploads\/2022\/01\/timberpro_gallery8-800x533.jpeg 800w, https:\/\/www.tanguay.cc\/wp-content\/uploads\/2022\/01\/timberpro_gallery8.jpeg 1200w\" sizes=\"(min-width: 2200px) 100vw, (min-width: 824px) 423px, (min-width: 732px) 635px, (min-width: 640px) 732px, \" \/><\/a><\/div><\/div><div style=\"padding:5px;\" class=\"fusion-grid-column fusion-gallery-column fusion-gallery-column-3 hover-type-none\"><div class=\"fusion-gallery-image\"><a href=\"https:\/\/www.tanguay.cc\/wp-content\/uploads\/2022\/01\/timberpro_gallery7.jpeg\" rel=\"noreferrer\" data-rel=\"iLightbox[gallery_image_1]\" class=\"fusion-lightbox\" target=\"_self\"><img decoding=\"async\" src=\"https:\/\/www.tanguay.cc\/wp-content\/uploads\/2022\/01\/timberpro_gallery7.jpeg\" width=\"1200\" height=\"675\" alt=\"\" title=\"timberpro_gallery7\" aria-label=\"timberpro_gallery7\" class=\"img-responsive wp-image-2630\" srcset=\"https:\/\/www.tanguay.cc\/wp-content\/uploads\/2022\/01\/timberpro_gallery7-200x113.jpeg 200w, https:\/\/www.tanguay.cc\/wp-content\/uploads\/2022\/01\/timberpro_gallery7-400x225.jpeg 400w, https:\/\/www.tanguay.cc\/wp-content\/uploads\/2022\/01\/timberpro_gallery7-600x338.jpeg 600w, https:\/\/www.tanguay.cc\/wp-content\/uploads\/2022\/01\/timberpro_gallery7-800x450.jpeg 800w, https:\/\/www.tanguay.cc\/wp-content\/uploads\/2022\/01\/timberpro_gallery7.jpeg 1200w\" sizes=\"(min-width: 2200px) 100vw, (min-width: 824px) 423px, (min-width: 732px) 635px, (min-width: 640px) 732px, \" \/><\/a><\/div><\/div><div style=\"padding:5px;\" class=\"fusion-grid-column fusion-gallery-column fusion-gallery-column-3 hover-type-none\"><div class=\"fusion-gallery-image\"><a href=\"https:\/\/www.tanguay.cc\/wp-content\/uploads\/2022\/01\/timberpro_gallery6.jpeg\" rel=\"noreferrer\" data-rel=\"iLightbox[gallery_image_1]\" class=\"fusion-lightbox\" target=\"_self\"><img decoding=\"async\" src=\"https:\/\/www.tanguay.cc\/wp-content\/uploads\/2022\/01\/timberpro_gallery6.jpeg\" width=\"1200\" height=\"675\" alt=\"\" title=\"timberpro_gallery6\" aria-label=\"timberpro_gallery6\" class=\"img-responsive wp-image-2632\" srcset=\"https:\/\/www.tanguay.cc\/wp-content\/uploads\/2022\/01\/timberpro_gallery6-200x113.jpeg 200w, https:\/\/www.tanguay.cc\/wp-content\/uploads\/2022\/01\/timberpro_gallery6-400x225.jpeg 400w, https:\/\/www.tanguay.cc\/wp-content\/uploads\/2022\/01\/timberpro_gallery6-600x338.jpeg 600w, https:\/\/www.tanguay.cc\/wp-content\/uploads\/2022\/01\/timberpro_gallery6-800x450.jpeg 800w, https:\/\/www.tanguay.cc\/wp-content\/uploads\/2022\/01\/timberpro_gallery6.jpeg 1200w\" sizes=\"(min-width: 2200px) 100vw, (min-width: 824px) 423px, (min-width: 732px) 635px, (min-width: 640px) 732px, \" \/><\/a><\/div><\/div><div class=\"clearfix\"><\/div><div style=\"padding:5px;\" class=\"fusion-grid-column fusion-gallery-column fusion-gallery-column-3 hover-type-none\"><div class=\"fusion-gallery-image\"><a href=\"https:\/\/www.tanguay.cc\/wp-content\/uploads\/2022\/01\/timberpro_gallery5.jpeg\" rel=\"noreferrer\" data-rel=\"iLightbox[gallery_image_1]\" class=\"fusion-lightbox\" target=\"_self\"><img decoding=\"async\" src=\"https:\/\/www.tanguay.cc\/wp-content\/uploads\/2022\/01\/timberpro_gallery5.jpeg\" width=\"1200\" height=\"712\" alt=\"\" title=\"timberpro_gallery5\" aria-label=\"timberpro_gallery5\" class=\"img-responsive wp-image-2634\" srcset=\"https:\/\/www.tanguay.cc\/wp-content\/uploads\/2022\/01\/timberpro_gallery5-200x119.jpeg 200w, https:\/\/www.tanguay.cc\/wp-content\/uploads\/2022\/01\/timberpro_gallery5-400x237.jpeg 400w, https:\/\/www.tanguay.cc\/wp-content\/uploads\/2022\/01\/timberpro_gallery5-600x356.jpeg 600w, https:\/\/www.tanguay.cc\/wp-content\/uploads\/2022\/01\/timberpro_gallery5-800x475.jpeg 800w, https:\/\/www.tanguay.cc\/wp-content\/uploads\/2022\/01\/timberpro_gallery5.jpeg 1200w\" sizes=\"(min-width: 2200px) 100vw, (min-width: 824px) 423px, (min-width: 732px) 635px, (min-width: 640px) 732px, \" \/><\/a><\/div><\/div><div style=\"padding:5px;\" class=\"fusion-grid-column fusion-gallery-column fusion-gallery-column-3 hover-type-none\"><div class=\"fusion-gallery-image\"><a href=\"https:\/\/www.tanguay.cc\/wp-content\/uploads\/2022\/01\/timberpro_gallery4.jpeg\" rel=\"noreferrer\" data-rel=\"iLightbox[gallery_image_1]\" class=\"fusion-lightbox\" target=\"_self\"><img decoding=\"async\" src=\"https:\/\/www.tanguay.cc\/wp-content\/uploads\/2022\/01\/timberpro_gallery4.jpeg\" width=\"1584\" height=\"891\" alt=\"\" title=\"timberpro_gallery4\" aria-label=\"timberpro_gallery4\" class=\"img-responsive wp-image-2636\" srcset=\"https:\/\/www.tanguay.cc\/wp-content\/uploads\/2022\/01\/timberpro_gallery4-200x113.jpeg 200w, https:\/\/www.tanguay.cc\/wp-content\/uploads\/2022\/01\/timberpro_gallery4-400x225.jpeg 400w, https:\/\/www.tanguay.cc\/wp-content\/uploads\/2022\/01\/timberpro_gallery4-600x338.jpeg 600w, https:\/\/www.tanguay.cc\/wp-content\/uploads\/2022\/01\/timberpro_gallery4-800x450.jpeg 800w, https:\/\/www.tanguay.cc\/wp-content\/uploads\/2022\/01\/timberpro_gallery4-1200x675.jpeg 1200w, https:\/\/www.tanguay.cc\/wp-content\/uploads\/2022\/01\/timberpro_gallery4.jpeg 1584w\" sizes=\"(min-width: 2200px) 100vw, (min-width: 824px) 423px, (min-width: 732px) 635px, (min-width: 640px) 732px, \" \/><\/a><\/div><\/div><div style=\"padding:5px;\" class=\"fusion-grid-column fusion-gallery-column fusion-gallery-column-3 hover-type-none\"><div class=\"fusion-gallery-image\"><a href=\"https:\/\/www.tanguay.cc\/wp-content\/uploads\/2022\/01\/timberpro_gallery3.jpeg\" rel=\"noreferrer\" data-rel=\"iLightbox[gallery_image_1]\" class=\"fusion-lightbox\" target=\"_self\"><img decoding=\"async\" src=\"https:\/\/www.tanguay.cc\/wp-content\/uploads\/2022\/01\/timberpro_gallery3.jpeg\" width=\"2048\" height=\"1152\" alt=\"\" title=\"timberpro_gallery3\" aria-label=\"timberpro_gallery3\" class=\"img-responsive wp-image-2638\" srcset=\"https:\/\/www.tanguay.cc\/wp-content\/uploads\/2022\/01\/timberpro_gallery3-200x113.jpeg 200w, https:\/\/www.tanguay.cc\/wp-content\/uploads\/2022\/01\/timberpro_gallery3-400x225.jpeg 400w, https:\/\/www.tanguay.cc\/wp-content\/uploads\/2022\/01\/timberpro_gallery3-600x338.jpeg 600w, https:\/\/www.tanguay.cc\/wp-content\/uploads\/2022\/01\/timberpro_gallery3-800x450.jpeg 800w, https:\/\/www.tanguay.cc\/wp-content\/uploads\/2022\/01\/timberpro_gallery3-1200x675.jpeg 1200w, https:\/\/www.tanguay.cc\/wp-content\/uploads\/2022\/01\/timberpro_gallery3.jpeg 2048w\" sizes=\"(min-width: 2200px) 100vw, (min-width: 824px) 423px, (min-width: 732px) 635px, (min-width: 640px) 732px, \" \/><\/a><\/div><\/div><div class=\"clearfix\"><\/div><div style=\"padding:5px;\" class=\"fusion-grid-column fusion-gallery-column fusion-gallery-column-3 hover-type-none\"><div class=\"fusion-gallery-image\"><a href=\"https:\/\/www.tanguay.cc\/wp-content\/uploads\/2022\/01\/timberpro_gallery2.jpeg\" rel=\"noreferrer\" data-rel=\"iLightbox[gallery_image_1]\" class=\"fusion-lightbox\" target=\"_self\"><img decoding=\"async\" src=\"https:\/\/www.tanguay.cc\/wp-content\/uploads\/2022\/01\/timberpro_gallery2.jpeg\" width=\"1200\" height=\"675\" alt=\"\" title=\"timberpro_gallery2\" aria-label=\"timberpro_gallery2\" class=\"img-responsive wp-image-2640\" srcset=\"https:\/\/www.tanguay.cc\/wp-content\/uploads\/2022\/01\/timberpro_gallery2-200x113.jpeg 200w, https:\/\/www.tanguay.cc\/wp-content\/uploads\/2022\/01\/timberpro_gallery2-400x225.jpeg 400w, https:\/\/www.tanguay.cc\/wp-content\/uploads\/2022\/01\/timberpro_gallery2-600x338.jpeg 600w, https:\/\/www.tanguay.cc\/wp-content\/uploads\/2022\/01\/timberpro_gallery2-800x450.jpeg 800w, https:\/\/www.tanguay.cc\/wp-content\/uploads\/2022\/01\/timberpro_gallery2.jpeg 1200w\" sizes=\"(min-width: 2200px) 100vw, (min-width: 824px) 423px, (min-width: 732px) 635px, (min-width: 640px) 732px, \" \/><\/a><\/div><\/div><div style=\"padding:5px;\" class=\"fusion-grid-column fusion-gallery-column fusion-gallery-column-3 hover-type-none\"><div class=\"fusion-gallery-image\"><a href=\"https:\/\/www.tanguay.cc\/wp-content\/uploads\/2022\/01\/timberpro_gallery1.jpeg\" rel=\"noreferrer\" data-rel=\"iLightbox[gallery_image_1]\" class=\"fusion-lightbox\" target=\"_self\"><img decoding=\"async\" src=\"https:\/\/www.tanguay.cc\/wp-content\/uploads\/2022\/01\/timberpro_gallery1.jpeg\" width=\"1296\" height=\"972\" alt=\"\" title=\"timberpro_gallery1\" aria-label=\"timberpro_gallery1\" class=\"img-responsive wp-image-2642\" srcset=\"https:\/\/www.tanguay.cc\/wp-content\/uploads\/2022\/01\/timberpro_gallery1-200x150.jpeg 200w, https:\/\/www.tanguay.cc\/wp-content\/uploads\/2022\/01\/timberpro_gallery1-400x300.jpeg 400w, https:\/\/www.tanguay.cc\/wp-content\/uploads\/2022\/01\/timberpro_gallery1-600x450.jpeg 600w, https:\/\/www.tanguay.cc\/wp-content\/uploads\/2022\/01\/timberpro_gallery1-800x600.jpeg 800w, https:\/\/www.tanguay.cc\/wp-content\/uploads\/2022\/01\/timberpro_gallery1-1200x900.jpeg 1200w, https:\/\/www.tanguay.cc\/wp-content\/uploads\/2022\/01\/timberpro_gallery1.jpeg 1296w\" sizes=\"(min-width: 2200px) 100vw, (min-width: 824px) 423px, (min-width: 732px) 635px, (min-width: 640px) 732px, \" \/><\/a><\/div><\/div><\/div><\/div><\/div><\/div><\/div><\/div><\/p>\n","protected":false},"excerpt":{"rendered":"","protected":false},"author":3,"featured_media":0,"parent":2343,"menu_order":0,"comment_status":"closed","ping_status":"closed","template":"","meta":{"footnotes":""},"class_list":["post-2387","page","type-page","status-publish","hentry"],"yoast_head":"<!-- This site is optimized with the Yoast SEO Premium plugin v27.2 (Yoast SEO v27.2) - https:\/\/yoast.com\/product\/yoast-seo-premium-wordpress\/ -->\n<title>TIMBERPRO - Machineries Tanguay Machinery<\/title>\n<meta name=\"description\" content=\"TIMBERPRO Machineries Tanguay Machinery\" \/>\n<meta name=\"robots\" content=\"index, follow, max-snippet:-1, max-image-preview:large, max-video-preview:-1\" \/>\n<link rel=\"canonical\" href=\"https:\/\/www.tanguay.cc\/fr\/foresterie\/timberpro\/\" \/>\n<meta property=\"og:locale\" content=\"fr_FR\" \/>\n<meta property=\"og:type\" content=\"article\" \/>\n<meta property=\"og:title\" content=\"TIMBERPRO\" \/>\n<meta property=\"og:description\" content=\"TIMBERPRO Machineries Tanguay Machinery\" \/>\n<meta property=\"og:url\" content=\"https:\/\/www.tanguay.cc\/fr\/foresterie\/timberpro\/\" \/>\n<meta property=\"og:site_name\" content=\"Machineries Tanguay Machinery\" \/>\n<meta property=\"article:publisher\" content=\"https:\/\/www.facebook.com\/machinerietanguay\" \/>\n<meta property=\"article:modified_time\" content=\"2022-01-22T19:33:19+00:00\" \/>\n<meta property=\"og:image\" content=\"https:\/\/www.tanguay.cc\/wp-content\/uploads\/2020\/10\/timberpro_logo-300x39.jpg\" \/>\n<meta name=\"twitter:card\" content=\"summary_large_image\" \/>\n<meta name=\"twitter:site\" content=\"@TanguayMachine\" \/>\n<meta name=\"twitter:label1\" content=\"Dur\u00e9e de lecture estim\u00e9e\" \/>\n\t<meta name=\"twitter:data1\" content=\"8 minutes\" \/>\n<script type=\"application\/ld+json\" class=\"yoast-schema-graph\">{\"@context\":\"https:\/\/schema.org\",\"@graph\":[{\"@type\":\"WebPage\",\"@id\":\"https:\/\/www.tanguay.cc\/fr\/foresterie\/timberpro\/\",\"url\":\"https:\/\/www.tanguay.cc\/fr\/foresterie\/timberpro\/\",\"name\":\"TIMBERPRO - Machineries Tanguay Machinery\",\"isPartOf\":{\"@id\":\"https:\/\/www.tanguay.cc\/fr\/#website\"},\"primaryImageOfPage\":{\"@id\":\"https:\/\/www.tanguay.cc\/fr\/foresterie\/timberpro\/#primaryimage\"},\"image\":{\"@id\":\"https:\/\/www.tanguay.cc\/fr\/foresterie\/timberpro\/#primaryimage\"},\"thumbnailUrl\":\"https:\/\/www.tanguay.cc\/wp-content\/uploads\/2020\/10\/timberpro_logo-300x39.jpg\",\"datePublished\":\"2020-10-27T23:17:59+00:00\",\"dateModified\":\"2022-01-22T19:33:19+00:00\",\"description\":\"TIMBERPRO Machineries Tanguay Machinery\",\"breadcrumb\":{\"@id\":\"https:\/\/www.tanguay.cc\/fr\/foresterie\/timberpro\/#breadcrumb\"},\"inLanguage\":\"fr-FR\",\"potentialAction\":[{\"@type\":\"ReadAction\",\"target\":[\"https:\/\/www.tanguay.cc\/fr\/foresterie\/timberpro\/\"]}]},{\"@type\":\"ImageObject\",\"inLanguage\":\"fr-FR\",\"@id\":\"https:\/\/www.tanguay.cc\/fr\/foresterie\/timberpro\/#primaryimage\",\"url\":\"https:\/\/www.tanguay.cc\/wp-content\/uploads\/2020\/10\/timberpro_logo-300x39.jpg\",\"contentUrl\":\"https:\/\/www.tanguay.cc\/wp-content\/uploads\/2020\/10\/timberpro_logo-300x39.jpg\"},{\"@type\":\"BreadcrumbList\",\"@id\":\"https:\/\/www.tanguay.cc\/fr\/foresterie\/timberpro\/#breadcrumb\",\"itemListElement\":[{\"@type\":\"ListItem\",\"position\":1,\"name\":\"Home\",\"item\":\"https:\/\/www.tanguay.cc\/fr\/\"},{\"@type\":\"ListItem\",\"position\":2,\"name\":\"\u00c9quipements Forestiers et de Scieries\",\"item\":\"https:\/\/www.tanguay.cc\/fr\/forestry\/\"},{\"@type\":\"ListItem\",\"position\":3,\"name\":\"TIMBERPRO\"}]},{\"@type\":\"WebSite\",\"@id\":\"https:\/\/www.tanguay.cc\/fr\/#website\",\"url\":\"https:\/\/www.tanguay.cc\/fr\/\",\"name\":\"Machineries Tanguay Machinery\",\"description\":\"Paveuse Paver Abatteuse Feller Buncher Forwarder Transporteur Skidder\",\"publisher\":{\"@id\":\"https:\/\/www.tanguay.cc\/fr\/#organization\"},\"potentialAction\":[{\"@type\":\"SearchAction\",\"target\":{\"@type\":\"EntryPoint\",\"urlTemplate\":\"https:\/\/www.tanguay.cc\/fr\/?s={search_term_string}\"},\"query-input\":{\"@type\":\"PropertyValueSpecification\",\"valueRequired\":true,\"valueName\":\"search_term_string\"}}],\"inLanguage\":\"fr-FR\"},{\"@type\":\"Organization\",\"@id\":\"https:\/\/www.tanguay.cc\/fr\/#organization\",\"name\":\"Machineries Tanguay Machinery\",\"url\":\"https:\/\/www.tanguay.cc\/fr\/\",\"logo\":{\"@type\":\"ImageObject\",\"inLanguage\":\"fr-FR\",\"@id\":\"https:\/\/www.tanguay.cc\/fr\/#\/schema\/logo\/image\/\",\"url\":\"https:\/\/www.tanguay.cc\/wp-content\/uploads\/2023\/02\/Tanguay_Emb_Coul_300dpi-scaled.jpg\",\"contentUrl\":\"https:\/\/www.tanguay.cc\/wp-content\/uploads\/2023\/02\/Tanguay_Emb_Coul_300dpi-scaled.jpg\",\"width\":2560,\"height\":1536,\"caption\":\"Machineries Tanguay Machinery\"},\"image\":{\"@id\":\"https:\/\/www.tanguay.cc\/fr\/#\/schema\/logo\/image\/\"},\"sameAs\":[\"https:\/\/www.facebook.com\/machinerietanguay\",\"https:\/\/x.com\/TanguayMachine\"],\"publishingPrinciples\":\"https:\/\/www.tanguay.cc\/fr\/privacy-statement-ca\/\",\"ethicsPolicy\":\"https:\/\/www.tanguay.cc\/fr\/privacy-statement-ca\/\"}]}<\/script>\n<!-- \/ Yoast SEO Premium plugin. -->","yoast_head_json":{"title":"TIMBERPRO - Machineries Tanguay Machinery","description":"TIMBERPRO Machineries Tanguay Machinery","robots":{"index":"index","follow":"follow","max-snippet":"max-snippet:-1","max-image-preview":"max-image-preview:large","max-video-preview":"max-video-preview:-1"},"canonical":"https:\/\/www.tanguay.cc\/fr\/foresterie\/timberpro\/","og_locale":"fr_FR","og_type":"article","og_title":"TIMBERPRO","og_description":"TIMBERPRO Machineries Tanguay Machinery","og_url":"https:\/\/www.tanguay.cc\/fr\/foresterie\/timberpro\/","og_site_name":"Machineries Tanguay Machinery","article_publisher":"https:\/\/www.facebook.com\/machinerietanguay","article_modified_time":"2022-01-22T19:33:19+00:00","og_image":[{"url":"https:\/\/www.tanguay.cc\/wp-content\/uploads\/2020\/10\/timberpro_logo-300x39.jpg","type":"","width":"","height":""}],"twitter_card":"summary_large_image","twitter_site":"@TanguayMachine","twitter_misc":{"Dur\u00e9e de lecture estim\u00e9e":"8 minutes"},"schema":{"@context":"https:\/\/schema.org","@graph":[{"@type":"WebPage","@id":"https:\/\/www.tanguay.cc\/fr\/foresterie\/timberpro\/","url":"https:\/\/www.tanguay.cc\/fr\/foresterie\/timberpro\/","name":"TIMBERPRO - Machineries Tanguay Machinery","isPartOf":{"@id":"https:\/\/www.tanguay.cc\/fr\/#website"},"primaryImageOfPage":{"@id":"https:\/\/www.tanguay.cc\/fr\/foresterie\/timberpro\/#primaryimage"},"image":{"@id":"https:\/\/www.tanguay.cc\/fr\/foresterie\/timberpro\/#primaryimage"},"thumbnailUrl":"https:\/\/www.tanguay.cc\/wp-content\/uploads\/2020\/10\/timberpro_logo-300x39.jpg","datePublished":"2020-10-27T23:17:59+00:00","dateModified":"2022-01-22T19:33:19+00:00","description":"TIMBERPRO Machineries Tanguay Machinery","breadcrumb":{"@id":"https:\/\/www.tanguay.cc\/fr\/foresterie\/timberpro\/#breadcrumb"},"inLanguage":"fr-FR","potentialAction":[{"@type":"ReadAction","target":["https:\/\/www.tanguay.cc\/fr\/foresterie\/timberpro\/"]}]},{"@type":"ImageObject","inLanguage":"fr-FR","@id":"https:\/\/www.tanguay.cc\/fr\/foresterie\/timberpro\/#primaryimage","url":"https:\/\/www.tanguay.cc\/wp-content\/uploads\/2020\/10\/timberpro_logo-300x39.jpg","contentUrl":"https:\/\/www.tanguay.cc\/wp-content\/uploads\/2020\/10\/timberpro_logo-300x39.jpg"},{"@type":"BreadcrumbList","@id":"https:\/\/www.tanguay.cc\/fr\/foresterie\/timberpro\/#breadcrumb","itemListElement":[{"@type":"ListItem","position":1,"name":"Home","item":"https:\/\/www.tanguay.cc\/fr\/"},{"@type":"ListItem","position":2,"name":"\u00c9quipements Forestiers et de Scieries","item":"https:\/\/www.tanguay.cc\/fr\/forestry\/"},{"@type":"ListItem","position":3,"name":"TIMBERPRO"}]},{"@type":"WebSite","@id":"https:\/\/www.tanguay.cc\/fr\/#website","url":"https:\/\/www.tanguay.cc\/fr\/","name":"Machineries Tanguay Machinery","description":"Paveuse Paver Abatteuse Feller Buncher Forwarder Transporteur Skidder","publisher":{"@id":"https:\/\/www.tanguay.cc\/fr\/#organization"},"potentialAction":[{"@type":"SearchAction","target":{"@type":"EntryPoint","urlTemplate":"https:\/\/www.tanguay.cc\/fr\/?s={search_term_string}"},"query-input":{"@type":"PropertyValueSpecification","valueRequired":true,"valueName":"search_term_string"}}],"inLanguage":"fr-FR"},{"@type":"Organization","@id":"https:\/\/www.tanguay.cc\/fr\/#organization","name":"Machineries Tanguay Machinery","url":"https:\/\/www.tanguay.cc\/fr\/","logo":{"@type":"ImageObject","inLanguage":"fr-FR","@id":"https:\/\/www.tanguay.cc\/fr\/#\/schema\/logo\/image\/","url":"https:\/\/www.tanguay.cc\/wp-content\/uploads\/2023\/02\/Tanguay_Emb_Coul_300dpi-scaled.jpg","contentUrl":"https:\/\/www.tanguay.cc\/wp-content\/uploads\/2023\/02\/Tanguay_Emb_Coul_300dpi-scaled.jpg","width":2560,"height":1536,"caption":"Machineries Tanguay Machinery"},"image":{"@id":"https:\/\/www.tanguay.cc\/fr\/#\/schema\/logo\/image\/"},"sameAs":["https:\/\/www.facebook.com\/machinerietanguay","https:\/\/x.com\/TanguayMachine"],"publishingPrinciples":"https:\/\/www.tanguay.cc\/fr\/privacy-statement-ca\/","ethicsPolicy":"https:\/\/www.tanguay.cc\/fr\/privacy-statement-ca\/"}]}},"_links":{"self":[{"href":"https:\/\/www.tanguay.cc\/fr\/wp-json\/wp\/v2\/pages\/2387","targetHints":{"allow":["GET"]}}],"collection":[{"href":"https:\/\/www.tanguay.cc\/fr\/wp-json\/wp\/v2\/pages"}],"about":[{"href":"https:\/\/www.tanguay.cc\/fr\/wp-json\/wp\/v2\/types\/page"}],"author":[{"embeddable":true,"href":"https:\/\/www.tanguay.cc\/fr\/wp-json\/wp\/v2\/users\/3"}],"replies":[{"embeddable":true,"href":"https:\/\/www.tanguay.cc\/fr\/wp-json\/wp\/v2\/comments?post=2387"}],"version-history":[{"count":2,"href":"https:\/\/www.tanguay.cc\/fr\/wp-json\/wp\/v2\/pages\/2387\/revisions"}],"predecessor-version":[{"id":2644,"href":"https:\/\/www.tanguay.cc\/fr\/wp-json\/wp\/v2\/pages\/2387\/revisions\/2644"}],"up":[{"embeddable":true,"href":"https:\/\/www.tanguay.cc\/fr\/wp-json\/wp\/v2\/pages\/2343"}],"wp:attachment":[{"href":"https:\/\/www.tanguay.cc\/fr\/wp-json\/wp\/v2\/media?parent=2387"}],"curies":[{"name":"wp","href":"https:\/\/api.w.org\/{rel}","templated":true}]}}