{"id":2356,"date":"2020-08-04T17:59:34","date_gmt":"2020-08-04T17:59:34","guid":{"rendered":"https:\/\/www.tanguay.cc\/parts-service\/"},"modified":"2023-04-26T13:38:05","modified_gmt":"2023-04-26T18:38:05","slug":"pieces-et-service","status":"publish","type":"page","link":"https:\/\/www.tanguay.cc\/fr\/pieces-et-service\/","title":{"rendered":"Pi\u00e8ces et service"},"content":{"rendered":"<div class=\"fusion-fullwidth fullwidth-box fusion-builder-row-1 fusion-flex-container nonhundred-percent-fullwidth non-hundred-percent-height-scrolling\" style=\"--awb-border-radius-top-left:0px;--awb-border-radius-top-right:0px;--awb-border-radius-bottom-right:0px;--awb-border-radius-bottom-left:0px;--awb-flex-wrap:wrap;\" ><div class=\"fusion-builder-row fusion-row fusion-flex-align-items-flex-start fusion-flex-content-wrap\" style=\"max-width:1331.2px;margin-left: calc(-4% \/ 2 );margin-right: calc(-4% \/ 2 );\"><div class=\"fusion-layout-column fusion_builder_column fusion-builder-column-0 fusion_builder_column_1_1 1_1 fusion-flex-column\" style=\"--awb-bg-size:cover;--awb-width-large:100%;--awb-margin-top-large:10px;--awb-spacing-right-large:1.92%;--awb-margin-bottom-large:10px;--awb-spacing-left-large:1.92%;--awb-width-medium:100%;--awb-order-medium:0;--awb-spacing-right-medium:1.92%;--awb-spacing-left-medium:1.92%;--awb-width-small:100%;--awb-order-small:0;--awb-spacing-right-small:1.92%;--awb-spacing-left-small:1.92%;\"><div class=\"fusion-column-wrapper fusion-column-has-shadow fusion-flex-justify-content-flex-start fusion-content-layout-column\"><div class=\"fusion-text fusion-text-1\"><p style=\"text-align: justify;\">La r\u00e9putation du service Tanguay n\u2019est plus \u00e0 faire.\u00a0 \u00c0 votre disposition, nos 5 techniciens exp\u00e9riment\u00e9s support\u00e9s par une \u00e9quipe d\u2019ing\u00e9nierie et de support aux produits sauront vous aider \u00e0 diagnostiquer et r\u00e9gler les complications techniques rencontr\u00e9es.<\/p>\n<p style=\"text-align: justify;\">Nous vous offrons des pi\u00e8ces d\u2019origines (OEM) a des prix tr\u00e8s comp\u00e9titifs. Nous avons les pi\u00e8ces pour nos produits Tanguay, Trans-Gesco, Timberpro et Logset en magasin. Nous pouvons \u00e9galement vous aider pour ce qui est des pi\u00e8ces de produits concurrentiels tel que Timbco et Prentice.<\/p>\n<p style=\"text-align: justify;\"><strong>\u00a0Nous distribuons \u00e9galement les produits suivants :<\/strong><\/p>\n<p>&nbsp;<\/p>\n<\/div><div class=\"fusion-image-element \" style=\"--awb-caption-title-font-family:var(--h2_typography-font-family);--awb-caption-title-font-weight:var(--h2_typography-font-weight);--awb-caption-title-font-style:var(--h2_typography-font-style);--awb-caption-title-size:var(--h2_typography-font-size);--awb-caption-title-transform:var(--h2_typography-text-transform);--awb-caption-title-line-height:var(--h2_typography-line-height);--awb-caption-title-letter-spacing:var(--h2_typography-letter-spacing);\"><span class=\" fusion-imageframe imageframe-none imageframe-1 hover-type-none\"><img decoding=\"async\" width=\"2200\" height=\"1436\" title=\"Lignes de produits_2020_r1\" src=\"https:\/\/www.tanguay.cc\/wp-content\/uploads\/2023\/04\/Lignes-de-produits_2020_r1.jpg\" alt class=\"img-responsive wp-image-2840\" srcset=\"https:\/\/www.tanguay.cc\/wp-content\/uploads\/2023\/04\/Lignes-de-produits_2020_r1-200x131.jpg 200w, https:\/\/www.tanguay.cc\/wp-content\/uploads\/2023\/04\/Lignes-de-produits_2020_r1-400x261.jpg 400w, https:\/\/www.tanguay.cc\/wp-content\/uploads\/2023\/04\/Lignes-de-produits_2020_r1-600x392.jpg 600w, https:\/\/www.tanguay.cc\/wp-content\/uploads\/2023\/04\/Lignes-de-produits_2020_r1-800x522.jpg 800w, https:\/\/www.tanguay.cc\/wp-content\/uploads\/2023\/04\/Lignes-de-produits_2020_r1-1200x783.jpg 1200w, https:\/\/www.tanguay.cc\/wp-content\/uploads\/2023\/04\/Lignes-de-produits_2020_r1.jpg 2200w\" sizes=\"(max-width: 1024px) 100vw, (max-width: 640px) 100vw, 2200px\" \/><\/span><\/div><\/div><\/div><\/div><\/div>\n","protected":false},"excerpt":{"rendered":"","protected":false},"author":3,"featured_media":0,"parent":0,"menu_order":0,"comment_status":"closed","ping_status":"closed","template":"","meta":{"footnotes":""},"class_list":["post-2356","page","type-page","status-publish","hentry"],"yoast_head":"<!-- This site is optimized with the Yoast SEO Premium plugin v27.2 (Yoast SEO v27.2) - https:\/\/yoast.com\/product\/yoast-seo-premium-wordpress\/ -->\n<title>Pi\u00e8ces et service - Machineries Tanguay Machinery<\/title>\n<meta name=\"description\" content=\"Pi\u00e8ces et service Machineries Tanguay Machinery\" \/>\n<meta name=\"robots\" content=\"index, follow, max-snippet:-1, max-image-preview:large, max-video-preview:-1\" \/>\n<link rel=\"canonical\" href=\"https:\/\/www.tanguay.cc\/fr\/pieces-et-service\/\" \/>\n<meta property=\"og:locale\" content=\"fr_FR\" \/>\n<meta property=\"og:type\" content=\"article\" \/>\n<meta property=\"og:title\" content=\"Pi\u00e8ces et service\" \/>\n<meta property=\"og:description\" content=\"Pi\u00e8ces et service Machineries Tanguay Machinery\" \/>\n<meta property=\"og:url\" content=\"https:\/\/www.tanguay.cc\/fr\/pieces-et-service\/\" \/>\n<meta property=\"og:site_name\" content=\"Machineries Tanguay Machinery\" \/>\n<meta property=\"article:publisher\" content=\"https:\/\/www.facebook.com\/machinerietanguay\" \/>\n<meta property=\"article:modified_time\" content=\"2023-04-26T18:38:05+00:00\" \/>\n<meta property=\"og:image\" content=\"https:\/\/www.tanguay.cc\/wp-content\/uploads\/2025\/07\/Tanguay_Emb_Coul__531_300.jpg\" \/>\n\t<meta property=\"og:image:width\" content=\"531\" \/>\n\t<meta property=\"og:image:height\" content=\"300\" \/>\n\t<meta property=\"og:image:type\" content=\"image\/jpeg\" \/>\n<meta name=\"twitter:card\" content=\"summary_large_image\" \/>\n<meta name=\"twitter:site\" content=\"@TanguayMachine\" \/>\n<meta name=\"twitter:label1\" content=\"Dur\u00e9e de lecture estim\u00e9e\" \/>\n\t<meta name=\"twitter:data1\" content=\"2 minutes\" \/>\n<script type=\"application\/ld+json\" class=\"yoast-schema-graph\">{\"@context\":\"https:\/\/schema.org\",\"@graph\":[{\"@type\":\"WebPage\",\"@id\":\"https:\/\/www.tanguay.cc\/fr\/pieces-et-service\/\",\"url\":\"https:\/\/www.tanguay.cc\/fr\/pieces-et-service\/\",\"name\":\"Pi\u00e8ces et service - Machineries Tanguay Machinery\",\"isPartOf\":{\"@id\":\"https:\/\/www.tanguay.cc\/fr\/#website\"},\"datePublished\":\"2020-08-04T17:59:34+00:00\",\"dateModified\":\"2023-04-26T18:38:05+00:00\",\"description\":\"Pi\u00e8ces et service Machineries Tanguay Machinery\",\"breadcrumb\":{\"@id\":\"https:\/\/www.tanguay.cc\/fr\/pieces-et-service\/#breadcrumb\"},\"inLanguage\":\"fr-FR\",\"potentialAction\":[{\"@type\":\"ReadAction\",\"target\":[\"https:\/\/www.tanguay.cc\/fr\/pieces-et-service\/\"]}]},{\"@type\":\"BreadcrumbList\",\"@id\":\"https:\/\/www.tanguay.cc\/fr\/pieces-et-service\/#breadcrumb\",\"itemListElement\":[{\"@type\":\"ListItem\",\"position\":1,\"name\":\"Home\",\"item\":\"https:\/\/www.tanguay.cc\/fr\/\"},{\"@type\":\"ListItem\",\"position\":2,\"name\":\"Pi\u00e8ces et service\"}]},{\"@type\":\"WebSite\",\"@id\":\"https:\/\/www.tanguay.cc\/fr\/#website\",\"url\":\"https:\/\/www.tanguay.cc\/fr\/\",\"name\":\"Machineries Tanguay Machinery\",\"description\":\"Paveuse Paver Abatteuse Feller Buncher Forwarder Transporteur Skidder\",\"publisher\":{\"@id\":\"https:\/\/www.tanguay.cc\/fr\/#organization\"},\"potentialAction\":[{\"@type\":\"SearchAction\",\"target\":{\"@type\":\"EntryPoint\",\"urlTemplate\":\"https:\/\/www.tanguay.cc\/fr\/?s={search_term_string}\"},\"query-input\":{\"@type\":\"PropertyValueSpecification\",\"valueRequired\":true,\"valueName\":\"search_term_string\"}}],\"inLanguage\":\"fr-FR\"},{\"@type\":\"Organization\",\"@id\":\"https:\/\/www.tanguay.cc\/fr\/#organization\",\"name\":\"Machineries Tanguay Machinery\",\"url\":\"https:\/\/www.tanguay.cc\/fr\/\",\"logo\":{\"@type\":\"ImageObject\",\"inLanguage\":\"fr-FR\",\"@id\":\"https:\/\/www.tanguay.cc\/fr\/#\/schema\/logo\/image\/\",\"url\":\"https:\/\/www.tanguay.cc\/wp-content\/uploads\/2023\/02\/Tanguay_Emb_Coul_300dpi-scaled.jpg\",\"contentUrl\":\"https:\/\/www.tanguay.cc\/wp-content\/uploads\/2023\/02\/Tanguay_Emb_Coul_300dpi-scaled.jpg\",\"width\":2560,\"height\":1536,\"caption\":\"Machineries Tanguay Machinery\"},\"image\":{\"@id\":\"https:\/\/www.tanguay.cc\/fr\/#\/schema\/logo\/image\/\"},\"sameAs\":[\"https:\/\/www.facebook.com\/machinerietanguay\",\"https:\/\/x.com\/TanguayMachine\"],\"publishingPrinciples\":\"https:\/\/www.tanguay.cc\/fr\/privacy-statement-ca\/\",\"ethicsPolicy\":\"https:\/\/www.tanguay.cc\/fr\/privacy-statement-ca\/\"}]}<\/script>\n<!-- \/ Yoast SEO Premium plugin. -->","yoast_head_json":{"title":"Pi\u00e8ces et service - Machineries Tanguay Machinery","description":"Pi\u00e8ces et service Machineries Tanguay Machinery","robots":{"index":"index","follow":"follow","max-snippet":"max-snippet:-1","max-image-preview":"max-image-preview:large","max-video-preview":"max-video-preview:-1"},"canonical":"https:\/\/www.tanguay.cc\/fr\/pieces-et-service\/","og_locale":"fr_FR","og_type":"article","og_title":"Pi\u00e8ces et service","og_description":"Pi\u00e8ces et service Machineries Tanguay Machinery","og_url":"https:\/\/www.tanguay.cc\/fr\/pieces-et-service\/","og_site_name":"Machineries Tanguay Machinery","article_publisher":"https:\/\/www.facebook.com\/machinerietanguay","article_modified_time":"2023-04-26T18:38:05+00:00","og_image":[{"width":531,"height":300,"url":"https:\/\/www.tanguay.cc\/wp-content\/uploads\/2025\/07\/Tanguay_Emb_Coul__531_300.jpg","type":"image\/jpeg"}],"twitter_card":"summary_large_image","twitter_site":"@TanguayMachine","twitter_misc":{"Dur\u00e9e de lecture estim\u00e9e":"2 minutes"},"schema":{"@context":"https:\/\/schema.org","@graph":[{"@type":"WebPage","@id":"https:\/\/www.tanguay.cc\/fr\/pieces-et-service\/","url":"https:\/\/www.tanguay.cc\/fr\/pieces-et-service\/","name":"Pi\u00e8ces et service - Machineries Tanguay Machinery","isPartOf":{"@id":"https:\/\/www.tanguay.cc\/fr\/#website"},"datePublished":"2020-08-04T17:59:34+00:00","dateModified":"2023-04-26T18:38:05+00:00","description":"Pi\u00e8ces et service Machineries Tanguay Machinery","breadcrumb":{"@id":"https:\/\/www.tanguay.cc\/fr\/pieces-et-service\/#breadcrumb"},"inLanguage":"fr-FR","potentialAction":[{"@type":"ReadAction","target":["https:\/\/www.tanguay.cc\/fr\/pieces-et-service\/"]}]},{"@type":"BreadcrumbList","@id":"https:\/\/www.tanguay.cc\/fr\/pieces-et-service\/#breadcrumb","itemListElement":[{"@type":"ListItem","position":1,"name":"Home","item":"https:\/\/www.tanguay.cc\/fr\/"},{"@type":"ListItem","position":2,"name":"Pi\u00e8ces et service"}]},{"@type":"WebSite","@id":"https:\/\/www.tanguay.cc\/fr\/#website","url":"https:\/\/www.tanguay.cc\/fr\/","name":"Machineries Tanguay Machinery","description":"Paveuse Paver Abatteuse Feller Buncher Forwarder Transporteur Skidder","publisher":{"@id":"https:\/\/www.tanguay.cc\/fr\/#organization"},"potentialAction":[{"@type":"SearchAction","target":{"@type":"EntryPoint","urlTemplate":"https:\/\/www.tanguay.cc\/fr\/?s={search_term_string}"},"query-input":{"@type":"PropertyValueSpecification","valueRequired":true,"valueName":"search_term_string"}}],"inLanguage":"fr-FR"},{"@type":"Organization","@id":"https:\/\/www.tanguay.cc\/fr\/#organization","name":"Machineries Tanguay Machinery","url":"https:\/\/www.tanguay.cc\/fr\/","logo":{"@type":"ImageObject","inLanguage":"fr-FR","@id":"https:\/\/www.tanguay.cc\/fr\/#\/schema\/logo\/image\/","url":"https:\/\/www.tanguay.cc\/wp-content\/uploads\/2023\/02\/Tanguay_Emb_Coul_300dpi-scaled.jpg","contentUrl":"https:\/\/www.tanguay.cc\/wp-content\/uploads\/2023\/02\/Tanguay_Emb_Coul_300dpi-scaled.jpg","width":2560,"height":1536,"caption":"Machineries Tanguay Machinery"},"image":{"@id":"https:\/\/www.tanguay.cc\/fr\/#\/schema\/logo\/image\/"},"sameAs":["https:\/\/www.facebook.com\/machinerietanguay","https:\/\/x.com\/TanguayMachine"],"publishingPrinciples":"https:\/\/www.tanguay.cc\/fr\/privacy-statement-ca\/","ethicsPolicy":"https:\/\/www.tanguay.cc\/fr\/privacy-statement-ca\/"}]}},"_links":{"self":[{"href":"https:\/\/www.tanguay.cc\/fr\/wp-json\/wp\/v2\/pages\/2356","targetHints":{"allow":["GET"]}}],"collection":[{"href":"https:\/\/www.tanguay.cc\/fr\/wp-json\/wp\/v2\/pages"}],"about":[{"href":"https:\/\/www.tanguay.cc\/fr\/wp-json\/wp\/v2\/types\/page"}],"author":[{"embeddable":true,"href":"https:\/\/www.tanguay.cc\/fr\/wp-json\/wp\/v2\/users\/3"}],"replies":[{"embeddable":true,"href":"https:\/\/www.tanguay.cc\/fr\/wp-json\/wp\/v2\/comments?post=2356"}],"version-history":[{"count":3,"href":"https:\/\/www.tanguay.cc\/fr\/wp-json\/wp\/v2\/pages\/2356\/revisions"}],"predecessor-version":[{"id":2885,"href":"https:\/\/www.tanguay.cc\/fr\/wp-json\/wp\/v2\/pages\/2356\/revisions\/2885"}],"wp:attachment":[{"href":"https:\/\/www.tanguay.cc\/fr\/wp-json\/wp\/v2\/media?parent=2356"}],"curies":[{"name":"wp","href":"https:\/\/api.w.org\/{rel}","templated":true}]}}