{"id":2343,"date":"2020-08-04T17:58:14","date_gmt":"2020-08-04T22:58:14","guid":{"rendered":"https:\/\/www.tanguay.cc\/forestry\/"},"modified":"2026-04-20T13:19:49","modified_gmt":"2026-04-20T18:19:49","slug":"foresteriescierie","status":"publish","type":"page","link":"https:\/\/www.tanguay.cc\/fr\/foresteriescierie\/","title":{"rendered":"Foresterie\/Scierie"},"content":{"rendered":"<p><div class=\"fusion-fullwidth fullwidth-box fusion-builder-row-1 fusion-flex-container hundred-percent-fullwidth non-hundred-percent-height-scrolling\" style=\"--awb-background-position:left top;--awb-border-sizes-top:0px;--awb-border-sizes-bottom:0px;--awb-border-sizes-left:0px;--awb-border-sizes-right:0px;--awb-border-radius-top-left:0px;--awb-border-radius-top-right:0px;--awb-border-radius-bottom-right:0px;--awb-border-radius-bottom-left:0px;--awb-padding-top:0px;--awb-padding-right:0px;--awb-padding-bottom:0px;--awb-padding-left:0px;--awb-flex-wrap:wrap;\" ><div class=\"fusion-builder-row fusion-row fusion-flex-align-items-stretch fusion-flex-content-wrap\" style=\"width:calc( 100% + 0px ) !important;max-width:calc( 100% + 0px ) !important;margin-left: calc(-0px \/ 2 );margin-right: calc(-0px \/ 2 );\"><div class=\"fusion-layout-column fusion_builder_column fusion-builder-column-0 fusion_builder_column_1_4 1_4 fusion-flex-column fusion-column-inner-bg-wrapper\" style=\"--awb-padding-top:18%;--awb-padding-bottom:18%;--awb-inner-bg-image:url(&#039;https:\/\/www.tanguay.cc\/wp-content\/uploads\/2020\/10\/tanguay_panel.jpg&#039;);--awb-inner-bg-size:cover;--awb-width-large:25%;--awb-margin-top-large:0px;--awb-spacing-right-large:0px;--awb-margin-bottom-large:0px;--awb-spacing-left-large:0px;--awb-width-medium:100%;--awb-order-medium:0;--awb-spacing-right-medium:0px;--awb-spacing-left-medium:0px;--awb-width-small:100%;--awb-order-small:0;--awb-spacing-right-small:0px;--awb-spacing-left-small:0px;\"><span class=\"fusion-column-inner-bg hover-type-zoomin\"><a class=\"fusion-column-anchor\" href=\"https:\/\/www.tanguay.cc\/forestry\/tanguay\/\"><span class=\"fusion-column-inner-bg-image\"><\/span><\/a><\/span><div class=\"fusion-column-wrapper fusion-column-has-shadow fusion-flex-justify-content-flex-start fusion-content-layout-column fusion-column-has-bg-image\" data-bg-url=\"https:\/\/www.tanguay.cc\/wp-content\/uploads\/2020\/10\/tanguay_panel.jpg\"><div class=\"fusion-separator fusion-no-small-visibility fusion-no-medium-visibility fusion-full-width-sep\" style=\"align-self: center;margin-left: auto;margin-right: auto;margin-top:170px;width:100%;\"><\/div><div class=\"fusion-title title fusion-title-1 fusion-sep-none fusion-title-center fusion-title-text fusion-title-size-two\" style=\"--awb-text-color:#ffffff;--awb-margin-top:40px;--awb-margin-top-small:10px;--awb-margin-right-small:0px;--awb-margin-bottom-small:20px;--awb-margin-left-small:0px;\"><h2 class=\"fusion-title-heading title-heading-center fusion-responsive-typography-calculated\" style=\"margin:0;--fontSize:34;line-height:1.47;\">TANGUAY<\/h2><\/div><div class=\"fusion-separator\" style=\"align-self: center;margin-left: auto;margin-right: auto;margin-top:0px;margin-bottom:30px;width:100%;max-width:60px;\"><div class=\"fusion-separator-border sep-single sep-solid\" style=\"--awb-height:20px;--awb-amount:20px;--awb-sep-color:#ef983d;border-color:#ef983d;border-top-width:1px;\"><\/div><\/div><div class=\"fusion-text fusion-text-1\"><p style=\"text-align: center;\"><a href=\"https:\/\/www.tanguay.cc\/courses\/\"><span style=\"color: #ffffff;\">Voir plus<\/span><\/a><\/p>\n<\/div><div class=\"fusion-separator fusion-no-small-visibility fusion-no-medium-visibility fusion-full-width-sep\" style=\"align-self: center;margin-left: auto;margin-right: auto;margin-top:170px;width:100%;\"><\/div><\/div><\/div><div class=\"fusion-layout-column fusion_builder_column fusion-builder-column-1 fusion_builder_column_1_4 1_4 fusion-flex-column fusion-column-inner-bg-wrapper\" style=\"--awb-padding-top:18%;--awb-padding-bottom:18%;--awb-inner-bg-image:url(&#039;https:\/\/www.tanguay.cc\/wp-content\/uploads\/2020\/10\/timberpro_panel.jpg&#039;);--awb-inner-bg-position:center center;--awb-inner-bg-size:cover;--awb-width-large:25%;--awb-margin-top-large:0px;--awb-spacing-right-large:0px;--awb-margin-bottom-large:0px;--awb-spacing-left-large:0px;--awb-width-medium:100%;--awb-order-medium:0;--awb-spacing-right-medium:0px;--awb-spacing-left-medium:0px;--awb-width-small:100%;--awb-order-small:0;--awb-spacing-right-small:0px;--awb-spacing-left-small:0px;\" data-scroll-devices=\"small-visibility,medium-visibility,large-visibility\"><span class=\"fusion-column-inner-bg hover-type-zoomin\"><a class=\"fusion-column-anchor\" href=\"https:\/\/www.tanguay.cc\/forestry\/timberpro\/\"><span class=\"fusion-column-inner-bg-image\"><\/span><\/a><\/span><div class=\"fusion-column-wrapper fusion-column-has-shadow fusion-flex-justify-content-flex-start fusion-content-layout-column fusion-column-has-bg-image\" data-bg-url=\"https:\/\/www.tanguay.cc\/wp-content\/uploads\/2020\/10\/timberpro_panel.jpg\"><div class=\"fusion-separator fusion-no-small-visibility fusion-no-medium-visibility fusion-full-width-sep\" style=\"align-self: center;margin-left: auto;margin-right: auto;margin-top:170px;width:100%;\"><\/div><div class=\"fusion-title title fusion-title-2 fusion-sep-none fusion-title-center fusion-title-text fusion-title-size-two\" style=\"--awb-text-color:#ffffff;--awb-margin-top:40px;--awb-margin-top-small:10px;--awb-margin-right-small:0px;--awb-margin-bottom-small:20px;--awb-margin-left-small:0px;\"><h2 class=\"fusion-title-heading title-heading-center fusion-responsive-typography-calculated\" style=\"margin:0;--fontSize:34;line-height:1.47;\">TIMBERPRO<\/h2><\/div><div class=\"fusion-separator\" style=\"align-self: center;margin-left: auto;margin-right: auto;margin-top:0px;margin-bottom:30px;width:100%;max-width:60px;\"><div class=\"fusion-separator-border sep-single sep-solid\" style=\"--awb-height:20px;--awb-amount:20px;--awb-sep-color:#ef983d;border-color:#ef983d;border-top-width:1px;\"><\/div><\/div><div class=\"fusion-text fusion-text-2\"><p style=\"text-align: center;\"><a href=\"https:\/\/www.tanguay.cc\/events\/\"><span style=\"color: #ffffff;\">Voir plus<\/span><\/a><\/p>\n<\/div><div class=\"fusion-separator fusion-no-small-visibility fusion-no-medium-visibility fusion-full-width-sep\" style=\"align-self: center;margin-left: auto;margin-right: auto;margin-top:170px;width:100%;\"><\/div><\/div><\/div><div class=\"fusion-layout-column fusion_builder_column fusion-builder-column-2 fusion_builder_column_1_4 1_4 fusion-flex-column fusion-column-inner-bg-wrapper\" style=\"--awb-padding-top:18%;--awb-padding-bottom:18%;--awb-inner-bg-image:url(&#039;https:\/\/www.tanguay.cc\/wp-content\/uploads\/2020\/10\/logset_panel.jpg&#039;);--awb-inner-bg-size:cover;--awb-width-large:25%;--awb-margin-top-large:0px;--awb-spacing-right-large:0px;--awb-margin-bottom-large:0px;--awb-spacing-left-large:0px;--awb-width-medium:100%;--awb-order-medium:0;--awb-spacing-right-medium:0px;--awb-spacing-left-medium:0px;--awb-width-small:100%;--awb-order-small:0;--awb-spacing-right-small:0px;--awb-spacing-left-small:0px;\"><span class=\"fusion-column-inner-bg hover-type-zoomin\"><a class=\"fusion-column-anchor\" href=\"https:\/\/www.tanguay.cc\/forestry\/logset\/\"><span class=\"fusion-column-inner-bg-image\"><\/span><\/a><\/span><div class=\"fusion-column-wrapper fusion-column-has-shadow fusion-flex-justify-content-flex-start fusion-content-layout-column fusion-column-has-bg-image\" data-bg-url=\"https:\/\/www.tanguay.cc\/wp-content\/uploads\/2020\/10\/logset_panel.jpg\"><div class=\"fusion-separator fusion-no-small-visibility fusion-no-medium-visibility fusion-full-width-sep\" style=\"align-self: center;margin-left: auto;margin-right: auto;margin-top:170px;width:100%;\"><\/div><div class=\"fusion-title title fusion-title-3 fusion-sep-none fusion-title-center fusion-title-text fusion-title-size-two\" style=\"--awb-text-color:#ffffff;--awb-margin-top:40px;--awb-margin-top-small:10px;--awb-margin-right-small:0px;--awb-margin-bottom-small:20px;--awb-margin-left-small:0px;\"><h2 class=\"fusion-title-heading title-heading-center fusion-responsive-typography-calculated\" style=\"margin:0;--fontSize:34;line-height:1.47;\">LOGSET<\/h2><\/div><div class=\"fusion-separator\" style=\"align-self: center;margin-left: auto;margin-right: auto;margin-top:0px;margin-bottom:30px;width:100%;max-width:60px;\"><div class=\"fusion-separator-border sep-single sep-solid\" style=\"--awb-height:20px;--awb-amount:20px;--awb-sep-color:#ef983d;border-color:#ef983d;border-top-width:1px;\"><\/div><\/div><div class=\"fusion-text fusion-text-3\"><p style=\"text-align: center;\"><a href=\"https:\/\/www.tanguay.cc\/events\/\"><span style=\"color: #ffffff;\">Voir plus<\/span><\/a><\/p>\n<\/div><div class=\"fusion-separator fusion-no-small-visibility fusion-no-medium-visibility fusion-full-width-sep\" style=\"align-self: center;margin-left: auto;margin-right: auto;margin-top:170px;width:100%;\"><\/div><\/div><\/div><div class=\"fusion-layout-column fusion_builder_column fusion-builder-column-3 fusion_builder_column_1_4 1_4 fusion-flex-column fusion-column-inner-bg-wrapper\" style=\"--awb-padding-top:18%;--awb-padding-bottom:18%;--awb-inner-bg-image:url(&#039;https:\/\/www.tanguay.cc\/wp-content\/uploads\/2025\/09\/Image_menu_used.jpg&#039;);--awb-inner-bg-position:center center;--awb-inner-bg-size:cover;--awb-width-large:25%;--awb-margin-top-large:0px;--awb-spacing-right-large:0px;--awb-margin-bottom-large:0px;--awb-spacing-left-large:0px;--awb-width-medium:100%;--awb-order-medium:0;--awb-spacing-right-medium:0px;--awb-spacing-left-medium:0px;--awb-width-small:100%;--awb-order-small:0;--awb-spacing-right-small:0px;--awb-spacing-left-small:0px;\" data-scroll-devices=\"small-visibility,medium-visibility,large-visibility\"><span class=\"fusion-column-inner-bg hover-type-zoomin\"><a class=\"fusion-column-anchor\" href=\"https:\/\/www.machinio.com\/sellers\/machinerie-tanguay\" rel=\"noopener noreferrer\" target=\"_blank\"><span class=\"fusion-column-inner-bg-image\"><\/span><\/a><\/span><div class=\"fusion-column-wrapper fusion-column-has-shadow fusion-flex-justify-content-flex-start fusion-content-layout-column fusion-column-has-bg-image\" data-bg-url=\"https:\/\/www.tanguay.cc\/wp-content\/uploads\/2025\/09\/Image_menu_used.jpg\"><div class=\"fusion-separator fusion-no-small-visibility fusion-no-medium-visibility fusion-full-width-sep\" style=\"align-self: center;margin-left: auto;margin-right: auto;margin-top:170px;width:100%;\"><\/div><div class=\"fusion-title title fusion-title-4 fusion-sep-none fusion-title-center fusion-title-text fusion-title-size-two\" style=\"--awb-text-color:#ffffff;--awb-margin-top:40px;--awb-margin-top-small:10px;--awb-margin-right-small:0px;--awb-margin-bottom-small:20px;--awb-margin-left-small:0px;\"><h2 class=\"fusion-title-heading title-heading-center fusion-responsive-typography-calculated\" style=\"margin:0;--fontSize:34;line-height:1.47;\">MAT\u00c9RIEL USAG\u00c9<\/h2><\/div><div class=\"fusion-separator\" style=\"align-self: center;margin-left: auto;margin-right: auto;margin-top:0px;margin-bottom:30px;width:100%;max-width:60px;\"><div class=\"fusion-separator-border sep-single sep-solid\" style=\"--awb-height:20px;--awb-amount:20px;--awb-sep-color:#ef983d;border-color:#ef983d;border-top-width:1px;\"><\/div><\/div><div class=\"fusion-text fusion-text-4\"><p style=\"text-align: center;\"><a href=\"https:\/\/www.tanguay.cc\/events\/\"><span style=\"color: #ffffff;\">Voir plus<\/span><\/a><\/p>\n<\/div><div class=\"fusion-separator fusion-no-small-visibility fusion-no-medium-visibility fusion-full-width-sep\" style=\"align-self: center;margin-left: auto;margin-right: auto;margin-top:170px;width:100%;\"><\/div><\/div><\/div><\/div><\/div><div class=\"fusion-fullwidth fullwidth-box fusion-builder-row-2 fusion-flex-container nonhundred-percent-fullwidth non-hundred-percent-height-scrolling\" style=\"--awb-border-radius-top-left:0px;--awb-border-radius-top-right:0px;--awb-border-radius-bottom-right:0px;--awb-border-radius-bottom-left:0px;--awb-flex-wrap:wrap;\" ><div class=\"fusion-builder-row fusion-row fusion-flex-align-items-flex-start fusion-flex-content-wrap\" style=\"max-width:1331.2px;margin-left: calc(-4% \/ 2 );margin-right: calc(-4% \/ 2 );\"><div class=\"fusion-layout-column fusion_builder_column fusion-builder-column-4 fusion_builder_column_1_1 1_1 fusion-flex-column\" style=\"--awb-bg-size:cover;--awb-width-large:100%;--awb-margin-top-large:10px;--awb-spacing-right-large:1.92%;--awb-margin-bottom-large:10px;--awb-spacing-left-large:1.92%;--awb-width-medium:100%;--awb-order-medium:0;--awb-spacing-right-medium:1.92%;--awb-spacing-left-medium:1.92%;--awb-width-small:100%;--awb-order-small:0;--awb-spacing-right-small:1.92%;--awb-spacing-left-small:1.92%;\"><div class=\"fusion-column-wrapper fusion-column-has-shadow fusion-flex-justify-content-flex-start fusion-content-layout-column\"><\/div><\/div><\/div><\/div><\/p>\n","protected":false},"excerpt":{"rendered":"","protected":false},"author":3,"featured_media":0,"parent":0,"menu_order":0,"comment_status":"closed","ping_status":"closed","template":"","meta":{"footnotes":""},"class_list":["post-2343","page","type-page","status-publish","hentry"],"yoast_head":"<!-- This site is optimized with the Yoast SEO Premium plugin v27.4 (Yoast SEO v27.4) - https:\/\/yoast.com\/product\/yoast-seo-premium-wordpress\/ -->\n<title>Foresterie\/Scierie - Machineries Tanguay Machinery<\/title>\n<meta name=\"description\" content=\"Foresterie\/Scierie Machineries Tanguay Machinery\" \/>\n<meta name=\"robots\" content=\"index, follow, max-snippet:-1, max-image-preview:large, max-video-preview:-1\" \/>\n<link rel=\"canonical\" href=\"https:\/\/www.tanguay.cc\/fr\/foresteriescierie\/\" \/>\n<meta property=\"og:locale\" content=\"fr_FR\" \/>\n<meta property=\"og:type\" content=\"article\" \/>\n<meta property=\"og:title\" content=\"Foresterie\/Scierie\" \/>\n<meta property=\"og:description\" content=\"Foresterie\/Scierie Machineries Tanguay Machinery\" \/>\n<meta property=\"og:url\" content=\"https:\/\/www.tanguay.cc\/fr\/foresteriescierie\/\" \/>\n<meta property=\"og:site_name\" content=\"Machineries Tanguay Machinery\" \/>\n<meta property=\"article:publisher\" content=\"https:\/\/www.facebook.com\/machinerietanguay\" \/>\n<meta property=\"article:modified_time\" content=\"2026-04-20T18:19:49+00:00\" \/>\n<meta property=\"og:image\" content=\"https:\/\/www.tanguay.cc\/wp-content\/uploads\/2025\/07\/Tanguay_Emb_Coul__531_300.jpg\" \/>\n\t<meta property=\"og:image:width\" content=\"531\" \/>\n\t<meta property=\"og:image:height\" content=\"300\" \/>\n\t<meta property=\"og:image:type\" content=\"image\/jpeg\" \/>\n<meta name=\"twitter:card\" content=\"summary_large_image\" \/>\n<meta name=\"twitter:site\" content=\"@TanguayMachine\" \/>\n<meta name=\"twitter:label1\" content=\"Dur\u00e9e de lecture estim\u00e9e\" \/>\n\t<meta name=\"twitter:data1\" content=\"1 minute\" \/>\n<script type=\"application\/ld+json\" class=\"yoast-schema-graph\">{\"@context\":\"https:\\\/\\\/schema.org\",\"@graph\":[{\"@type\":\"WebPage\",\"@id\":\"https:\\\/\\\/www.tanguay.cc\\\/fr\\\/foresteriescierie\\\/\",\"url\":\"https:\\\/\\\/www.tanguay.cc\\\/fr\\\/foresteriescierie\\\/\",\"name\":\"Foresterie\\\/Scierie - Machineries Tanguay Machinery\",\"isPartOf\":{\"@id\":\"https:\\\/\\\/www.tanguay.cc\\\/fr\\\/#website\"},\"datePublished\":\"2020-08-04T22:58:14+00:00\",\"dateModified\":\"2026-04-20T18:19:49+00:00\",\"description\":\"Foresterie\\\/Scierie Machineries Tanguay Machinery\",\"breadcrumb\":{\"@id\":\"https:\\\/\\\/www.tanguay.cc\\\/fr\\\/foresteriescierie\\\/#breadcrumb\"},\"inLanguage\":\"fr-FR\",\"potentialAction\":[{\"@type\":\"ReadAction\",\"target\":[\"https:\\\/\\\/www.tanguay.cc\\\/fr\\\/foresteriescierie\\\/\"]}]},{\"@type\":\"BreadcrumbList\",\"@id\":\"https:\\\/\\\/www.tanguay.cc\\\/fr\\\/foresteriescierie\\\/#breadcrumb\",\"itemListElement\":[{\"@type\":\"ListItem\",\"position\":1,\"name\":\"Home\",\"item\":\"https:\\\/\\\/www.tanguay.cc\\\/fr\\\/\"},{\"@type\":\"ListItem\",\"position\":2,\"name\":\"Foresterie\\\/Scierie\"}]},{\"@type\":\"WebSite\",\"@id\":\"https:\\\/\\\/www.tanguay.cc\\\/fr\\\/#website\",\"url\":\"https:\\\/\\\/www.tanguay.cc\\\/fr\\\/\",\"name\":\"Machineries Tanguay Machinery\",\"description\":\"Paveuse Paver Abatteuse Feller Buncher Forwarder Transporteur Skidder\",\"publisher\":{\"@id\":\"https:\\\/\\\/www.tanguay.cc\\\/fr\\\/#organization\"},\"potentialAction\":[{\"@type\":\"SearchAction\",\"target\":{\"@type\":\"EntryPoint\",\"urlTemplate\":\"https:\\\/\\\/www.tanguay.cc\\\/fr\\\/?s={search_term_string}\"},\"query-input\":{\"@type\":\"PropertyValueSpecification\",\"valueRequired\":true,\"valueName\":\"search_term_string\"}}],\"inLanguage\":\"fr-FR\"},{\"@type\":\"Organization\",\"@id\":\"https:\\\/\\\/www.tanguay.cc\\\/fr\\\/#organization\",\"name\":\"Machineries Tanguay Machinery\",\"url\":\"https:\\\/\\\/www.tanguay.cc\\\/fr\\\/\",\"logo\":{\"@type\":\"ImageObject\",\"inLanguage\":\"fr-FR\",\"@id\":\"https:\\\/\\\/www.tanguay.cc\\\/fr\\\/#\\\/schema\\\/logo\\\/image\\\/\",\"url\":\"https:\\\/\\\/www.tanguay.cc\\\/wp-content\\\/uploads\\\/2023\\\/02\\\/Tanguay_Emb_Coul_300dpi-scaled.jpg\",\"contentUrl\":\"https:\\\/\\\/www.tanguay.cc\\\/wp-content\\\/uploads\\\/2023\\\/02\\\/Tanguay_Emb_Coul_300dpi-scaled.jpg\",\"width\":2560,\"height\":1536,\"caption\":\"Machineries Tanguay Machinery\"},\"image\":{\"@id\":\"https:\\\/\\\/www.tanguay.cc\\\/fr\\\/#\\\/schema\\\/logo\\\/image\\\/\"},\"sameAs\":[\"https:\\\/\\\/www.facebook.com\\\/machinerietanguay\",\"https:\\\/\\\/x.com\\\/TanguayMachine\"],\"description\":\"Les Machineries Tanguay (situ\u00e9es \u00e0 Roberval, QC) sont une entreprise qu\u00e9b\u00e9coise sp\u00e9cialis\u00e9e dans la conception, la fabrication et la distribution d'\u00e9quipements forestiers et industriels robustes, tels que des chargeuses et \u00e9brancheuses. Reconnue pour sa qualit\u00e9, la marque offre aussi des pi\u00e8ces OEM, du service technique et de l'ing\u00e9nierie.\",\"telephone\":\"418-251-3152\",\"legalName\":\"Les Machineries Tanguay\",\"foundingDate\":\"1951-01-10\",\"numberOfEmployees\":{\"@type\":\"QuantitativeValue\",\"minValue\":\"51\",\"maxValue\":\"200\"},\"publishingPrinciples\":\"https:\\\/\\\/www.tanguay.cc\\\/fr\\\/privacy-statement-ca\\\/\",\"ethicsPolicy\":\"https:\\\/\\\/www.tanguay.cc\\\/fr\\\/privacy-statement-ca\\\/\"}]}<\/script>\n<!-- \/ Yoast SEO Premium plugin. -->","yoast_head_json":{"title":"Foresterie\/Scierie - Machineries Tanguay Machinery","description":"Foresterie\/Scierie Machineries Tanguay Machinery","robots":{"index":"index","follow":"follow","max-snippet":"max-snippet:-1","max-image-preview":"max-image-preview:large","max-video-preview":"max-video-preview:-1"},"canonical":"https:\/\/www.tanguay.cc\/fr\/foresteriescierie\/","og_locale":"fr_FR","og_type":"article","og_title":"Foresterie\/Scierie","og_description":"Foresterie\/Scierie Machineries Tanguay Machinery","og_url":"https:\/\/www.tanguay.cc\/fr\/foresteriescierie\/","og_site_name":"Machineries Tanguay Machinery","article_publisher":"https:\/\/www.facebook.com\/machinerietanguay","article_modified_time":"2026-04-20T18:19:49+00:00","og_image":[{"width":531,"height":300,"url":"https:\/\/www.tanguay.cc\/wp-content\/uploads\/2025\/07\/Tanguay_Emb_Coul__531_300.jpg","type":"image\/jpeg"}],"twitter_card":"summary_large_image","twitter_site":"@TanguayMachine","twitter_misc":{"Dur\u00e9e de lecture estim\u00e9e":"1 minute"},"schema":{"@context":"https:\/\/schema.org","@graph":[{"@type":"WebPage","@id":"https:\/\/www.tanguay.cc\/fr\/foresteriescierie\/","url":"https:\/\/www.tanguay.cc\/fr\/foresteriescierie\/","name":"Foresterie\/Scierie - Machineries Tanguay Machinery","isPartOf":{"@id":"https:\/\/www.tanguay.cc\/fr\/#website"},"datePublished":"2020-08-04T22:58:14+00:00","dateModified":"2026-04-20T18:19:49+00:00","description":"Foresterie\/Scierie Machineries Tanguay Machinery","breadcrumb":{"@id":"https:\/\/www.tanguay.cc\/fr\/foresteriescierie\/#breadcrumb"},"inLanguage":"fr-FR","potentialAction":[{"@type":"ReadAction","target":["https:\/\/www.tanguay.cc\/fr\/foresteriescierie\/"]}]},{"@type":"BreadcrumbList","@id":"https:\/\/www.tanguay.cc\/fr\/foresteriescierie\/#breadcrumb","itemListElement":[{"@type":"ListItem","position":1,"name":"Home","item":"https:\/\/www.tanguay.cc\/fr\/"},{"@type":"ListItem","position":2,"name":"Foresterie\/Scierie"}]},{"@type":"WebSite","@id":"https:\/\/www.tanguay.cc\/fr\/#website","url":"https:\/\/www.tanguay.cc\/fr\/","name":"Machineries Tanguay Machinery","description":"Paveuse Paver Abatteuse Feller Buncher Forwarder Transporteur Skidder","publisher":{"@id":"https:\/\/www.tanguay.cc\/fr\/#organization"},"potentialAction":[{"@type":"SearchAction","target":{"@type":"EntryPoint","urlTemplate":"https:\/\/www.tanguay.cc\/fr\/?s={search_term_string}"},"query-input":{"@type":"PropertyValueSpecification","valueRequired":true,"valueName":"search_term_string"}}],"inLanguage":"fr-FR"},{"@type":"Organization","@id":"https:\/\/www.tanguay.cc\/fr\/#organization","name":"Machineries Tanguay Machinery","url":"https:\/\/www.tanguay.cc\/fr\/","logo":{"@type":"ImageObject","inLanguage":"fr-FR","@id":"https:\/\/www.tanguay.cc\/fr\/#\/schema\/logo\/image\/","url":"https:\/\/www.tanguay.cc\/wp-content\/uploads\/2023\/02\/Tanguay_Emb_Coul_300dpi-scaled.jpg","contentUrl":"https:\/\/www.tanguay.cc\/wp-content\/uploads\/2023\/02\/Tanguay_Emb_Coul_300dpi-scaled.jpg","width":2560,"height":1536,"caption":"Machineries Tanguay Machinery"},"image":{"@id":"https:\/\/www.tanguay.cc\/fr\/#\/schema\/logo\/image\/"},"sameAs":["https:\/\/www.facebook.com\/machinerietanguay","https:\/\/x.com\/TanguayMachine"],"description":"Les Machineries Tanguay (situ\u00e9es \u00e0 Roberval, QC) sont une entreprise qu\u00e9b\u00e9coise sp\u00e9cialis\u00e9e dans la conception, la fabrication et la distribution d'\u00e9quipements forestiers et industriels robustes, tels que des chargeuses et \u00e9brancheuses. Reconnue pour sa qualit\u00e9, la marque offre aussi des pi\u00e8ces OEM, du service technique et de l'ing\u00e9nierie.","telephone":"418-251-3152","legalName":"Les Machineries Tanguay","foundingDate":"1951-01-10","numberOfEmployees":{"@type":"QuantitativeValue","minValue":"51","maxValue":"200"},"publishingPrinciples":"https:\/\/www.tanguay.cc\/fr\/privacy-statement-ca\/","ethicsPolicy":"https:\/\/www.tanguay.cc\/fr\/privacy-statement-ca\/"}]}},"_links":{"self":[{"href":"https:\/\/www.tanguay.cc\/fr\/wp-json\/wp\/v2\/pages\/2343","targetHints":{"allow":["GET"]}}],"collection":[{"href":"https:\/\/www.tanguay.cc\/fr\/wp-json\/wp\/v2\/pages"}],"about":[{"href":"https:\/\/www.tanguay.cc\/fr\/wp-json\/wp\/v2\/types\/page"}],"author":[{"embeddable":true,"href":"https:\/\/www.tanguay.cc\/fr\/wp-json\/wp\/v2\/users\/3"}],"replies":[{"embeddable":true,"href":"https:\/\/www.tanguay.cc\/fr\/wp-json\/wp\/v2\/comments?post=2343"}],"version-history":[{"count":10,"href":"https:\/\/www.tanguay.cc\/fr\/wp-json\/wp\/v2\/pages\/2343\/revisions"}],"predecessor-version":[{"id":3243,"href":"https:\/\/www.tanguay.cc\/fr\/wp-json\/wp\/v2\/pages\/2343\/revisions\/3243"}],"wp:attachment":[{"href":"https:\/\/www.tanguay.cc\/fr\/wp-json\/wp\/v2\/media?parent=2343"}],"curies":[{"name":"wp","href":"https:\/\/api.w.org\/{rel}","templated":true}]}}